{"id":13382,"date":"2017-04-10T13:11:06","date_gmt":"2017-04-10T13:11:06","guid":{"rendered":"https:\/\/africalia.be\/afrique-tous-courts-3\/"},"modified":"2023-12-12T17:23:52","modified_gmt":"2023-12-12T17:23:52","slug":"afrika-all-short-3","status":"publish","type":"product","link":"https:\/\/africalia.be\/nl\/produit\/afrique-tous-courts-3\/","title":{"rendered":"Afrika alle korte 3"},"content":{"rendered":"<figure class=\"wp-block-embed is-type-video is-provider-youtube wp-block-embed-youtube wp-embed-aspect-16-9 wp-has-aspect-ratio\"><div class=\"wp-block-embed__wrapper\">\n<iframe title=\"Kort(er) Afrika 3 - Africalia\" width=\"800\" height=\"450\" src=\"https:\/\/www.youtube.com\/embed\/QHWUzw_RsQs?start=12&#038;feature=oembed\" frameborder=\"0\" allow=\"accelerometer; autoplay; clipboard-write; encrypted-media; gyroscope; picture-in-picture; web-share\" allowfullscreen><\/iframe>\n<\/div><\/figure>\n\n\n<\/p>\n<p><img fetchpriority=\"high\" decoding=\"async\" class=\"size-full wp-image-13381\" title=\"cover_dvd_Africa-all-shorts3\" src=\"https:\/\/africalia.be\/wp-content\/uploads\/2017\/04\/afrique-tous-courts_cover-jpg.webp\" alt=\"cover_dvd_Africa-all-shorts3\" width=\"800\" height=\"1128\" align=\"insert|left|taille=grand\" srcset=\"https:\/\/africalia.be\/wp-content\/uploads\/2017\/04\/afrique-tous-courts_cover-jpg.webp 800w, https:\/\/africalia.be\/wp-content\/uploads\/2017\/04\/afrique-tous-courts_cover-213x300.webp 213w, https:\/\/africalia.be\/wp-content\/uploads\/2017\/04\/afrique-tous-courts_cover-726x1024.webp 726w, https:\/\/africalia.be\/wp-content\/uploads\/2017\/04\/afrique-tous-courts_cover-768x1083.webp 768w\" sizes=\"(max-width: 800px) 100vw, 800px\" \/><\/p>\n<p>Deze derde editie van de <em>Afrika allemaal kort<\/em> eert opnieuw regisseurs die zich uitdrukken door middel van de korte film, een audiovisuele vorm die steeds populairder wordt in Afrika door talrijke Afrikaanse festivals in zowel Frans als Engels.<\/p>\n<p>We hebben er een aantal uitgekozen voor deze selectie, die animatiefilms, fictie en documentaires bevat. Deze editie weerspiegelt een hybride genre dat begint te ontstaan met de democratisering van apparatuur op het continent. De verhalen, contexten, thema's en personages in deze dertien films vormen een veelzijdige compositie die ons meeneemt naar de vier hoeken van het continent. Deze compilatie onthult de overvloedige creativiteit en het verteltalent van alle Afrikaanse korte filmmakers die in de collectie zijn opgenomen. <em>Afrika allemaal kort<\/em>.<\/p>\n<p><strong>Collectie Afrique alle rechtbanken<\/strong><\/p>\n<hr \/>\n<p><strong>De films<\/strong><\/p>\n<p>- ADAMT door Zelalem Woldemariam (Ethiopi\u00eb), 2013, 18'<br \/>- COLORS van Cid (Tojosoa Andoniaina Andrianarison), (Madagaskar), 2013, 6'<br \/>- DIALEMI door Nadine Otsobogo (Gabon), 2014, 21'<br \/>- ISHABA door Yves Amuli (Rwanda), 2015, 5'<br \/>- KWAKU ANANSE door Akosua Adoma Owusu (Ghana), 2013, 25'<br \/>- SCHOOL FEES door Horeb Bulambo (D.R. Congo), 2015, 8'<br \/>- TAO TAO van Adama Salle (Burkina Faso), 2013, 16'<br \/>- THE CALL door Zamo Mkhwanazi (Zuid-Afrika), 2014, 11'<br \/>- ZEBU EN DE FOTO VISSEN door Ziporrah Nyaruri (Oeganda), 2011, 12'<br \/>- MAJAMBERE LE FONCEUR door Evrard Niyomwungere (Burundi), 2014, 14'<br \/>- KU KINGA door T\u00e9tshim &amp; Frank Mukunday (D.R. Congo) 2014, 8'<br \/>- THE LEGEND OF NGONG HILLS door Kwame Nyong'o (Kenia), 2011, 9'<br \/>- YELLOW FEVER door Ng'endo Mukii (Kenia), 2012, 7'<\/p>\n<p><strong>Koop de DVD<\/strong><\/p>\n<p>Prijs: \u20ac13.00<\/p>\n<p><strong>Technische gegevens<\/strong><\/p>\n<p>Speelduur: 160' \/ Taal: Frans of Engels \/ Ondertiteling: Frans, Nederlands, Engels \/ Productiejaar: 2017 \/ Producent: Africalia<\/p>\n<div id='gallery-1' class='gallery galleryid-13382 gallery-columns-3 gallery-size-thumbnail'><figure class='gallery-item'>\n\t\t\t<div class='gallery-icon portrait'>\n\t\t\t\t<a href='https:\/\/africalia.be\/wp-content\/uploads\/2018\/08\/afrique-tous-courts_cover-jpg.webp'><img decoding=\"async\" width=\"150\" height=\"150\" src=\"https:\/\/africalia.be\/wp-content\/uploads\/2018\/08\/afrique-tous-courts_cover-150x150.webp\" class=\"attachment-thumbnail size-thumbnail\" alt=\"cover_dvd_Africa-all-shorts3\" aria-describedby=\"gallery-1-13383\" \/><\/a>\n\t\t\t<\/div>\n\t\t\t\t<figcaption class='wp-caption-text gallery-caption' id='gallery-1-13383'>\n\t\t\t\tcover_dvd_Africa-all-shorts3\n\t\t\t\t<\/figcaption><\/figure>\n\t\t<\/div>\n\n\n\n<figure class=\"wp-block-video\"><\/figure>","protected":false},"excerpt":{"rendered":"<p>Cette troisi\u00e8me \u00e9dition de la s\u00e9rie Afrique tous courts met de nouveau \u00e0 l\u2019honneur des r\u00e9alisateurs qui s\u2019expriment \u00e0 travers le court m\u00e9trage, cette forme audiovisuelle de plus en plus diffus\u00e9e en Afrique au travers de nombreux festivals africains tant francophones qu\u2019anglophones. Nous nous sommes d\u2019ailleurs appuy\u00e9s sur plusieurs d\u2019entre eux pour r\u00e9aliser cette s\u00e9lection [&hellip;]<\/p>\n","protected":false},"featured_media":13380,"comment_status":"closed","ping_status":"open","template":"","meta":{"_acf_changed":false,"_seopress_robots_primary_cat":"","_seopress_titles_title":"","_seopress_titles_desc":"","_seopress_robots_index":""},"product_brand":[],"product_cat":[1038],"product_tag":[],"class_list":{"0":"post-13382","1":"product","2":"type-product","3":"status-publish","4":"has-post-thumbnail","6":"product_cat-afrique-tous-courts","8":"first","9":"instock","10":"shipping-taxable","11":"purchasable","12":"product-type-simple"},"acf":[],"_links":{"self":[{"href":"https:\/\/africalia.be\/nl\/wp-json\/wp\/v2\/product\/13382","targetHints":{"allow":["GET"]}}],"collection":[{"href":"https:\/\/africalia.be\/nl\/wp-json\/wp\/v2\/product"}],"about":[{"href":"https:\/\/africalia.be\/nl\/wp-json\/wp\/v2\/types\/product"}],"replies":[{"embeddable":true,"href":"https:\/\/africalia.be\/nl\/wp-json\/wp\/v2\/comments?post=13382"}],"version-history":[{"count":0,"href":"https:\/\/africalia.be\/nl\/wp-json\/wp\/v2\/product\/13382\/revisions"}],"wp:featuredmedia":[{"embeddable":true,"href":"https:\/\/africalia.be\/nl\/wp-json\/wp\/v2\/media\/13380"}],"wp:attachment":[{"href":"https:\/\/africalia.be\/nl\/wp-json\/wp\/v2\/media?parent=13382"}],"wp:term":[{"taxonomy":"product_brand","embeddable":true,"href":"https:\/\/africalia.be\/nl\/wp-json\/wp\/v2\/product_brand?post=13382"},{"taxonomy":"product_cat","embeddable":true,"href":"https:\/\/africalia.be\/nl\/wp-json\/wp\/v2\/product_cat?post=13382"},{"taxonomy":"product_tag","embeddable":true,"href":"https:\/\/africalia.be\/nl\/wp-json\/wp\/v2\/product_tag?post=13382"}],"curies":[{"name":"wp","href":"https:\/\/api.w.org\/{rel}","templated":true}]}}