{"id":13377,"date":"2023-12-05T13:13:46","date_gmt":"2023-12-05T12:13:46","guid":{"rendered":"https:\/\/africalia.be\/creer-en-postcolonie\/"},"modified":"2023-12-13T23:33:08","modified_gmt":"2023-12-13T22:33:08","slug":"creeren-in-post-kolonie","status":"publish","type":"product","link":"https:\/\/africalia.be\/nl\/produit\/creer-en-postcolonie\/","title":{"rendered":"Cre\u00ebren in een postkoloniale wereld"},"content":{"rendered":"<figure class=\"wp-block-image alignleft is-resized\"><img fetchpriority=\"high\" decoding=\"async\" width=\"306\" height=\"439\" src=\"https:\/\/africalia.be\/wp-content\/uploads\/2017\/01\/postcolonie-jpg.webp\" alt=\"omslag_livre_creer_postcolonie\" class=\"wp-image-13376\" style=\"width:300px\" title=\"omslag_livre_creer_postcolonie\" srcset=\"https:\/\/africalia.be\/wp-content\/uploads\/2017\/01\/postcolonie-jpg.webp 306w, https:\/\/africalia.be\/wp-content\/uploads\/2017\/01\/postcolonie-209x300.webp 209w\" sizes=\"(max-width: 306px) 100vw, 306px\" \/><\/figure>\n\n\n\n<p><strong>= 60 co-auteurs,<\/strong><br><strong> 18 maanden redactioneel proces,<\/strong><br><strong> kilometers aan vergaderingen,<\/strong><br><strong> visioenen en spanning,<\/strong><br><strong> 2 uitgevers (BOZAR &amp; Africalia) en nog veel meer <\/strong><br><strong> talent en veerkracht.<\/strong><\/p>\n\n\n\n<p>Onder redactie van Sarah Demart (ULG\/KU Leuven) en Gia Abrassart (Caf\u00e9 Congo)<\/p>\n\n\n\n<hr class=\"wp-block-separator has-alpha-channel-opacity\" \/>\n\n\n\n<p>Op het kruispunt van academische, artistieke en activistische domeinen, blikt dit boek, dat een zestigtal medewerkers samenbracht, terug op de vijftigste verjaardag van de onafhankelijkheid van Congo (2010) om de uitdagingen van de diasporische creatie in een voormalige koloniale metropool, Belgi\u00eb, die vaak wordt verwaarloosd, te onthullen.<\/p>\n\n\n\n<p>Door de stemmen van artiesten en spelers op de culturele sc\u00e8ne die de afgelopen vijf jaar de Belgisch-Congolese sc\u00e8ne hebben gemarkeerd, levert dit gesitueerde, kritische en hybride gezichtspunt een belangrijke bijdrage aan het thema van creatie in de postkolonie en de definitie van Afro-Congolese identiteiten in een sterk geracialiseerde maatschappij.<\/p>\n\n\n\n<p><strong>Het boek kopen<\/strong><\/p>\n\n\n\n<p>Prijs: \u20ac16.00<\/p>\n\n\n\n<p><strong>Technische gegevens&nbsp;<\/strong><\/p>\n\n\n\n<p>De editie bestaat in het Frans<br>Uitgever: BOZAR en Africalia<br>Publicatiedatum: mei 2016<br>Aantal pagina's: 332 pp<br>ISBN : 978-90-7481-649-6<\/p>","protected":false},"excerpt":{"rendered":"<p>= 60 co-auteurs, 18 mois de processus \u00e9ditorial, des kilom\u00e8tres de rencontres, de visions et de suspens, 2 \u00e9diteurs (BOZAR &amp; Africalia) et \u00e9norm\u00e9ment de talent et de r\u00e9sistance, inalt\u00e9rables. Sous la direction de Sarah Demart (ULG\/KU Leuven) et Gia Abrassart (Caf\u00e9 Congo) A la crois\u00e9e des champs acad\u00e9mique, artistique et militant, cet ouvrage, qui [&hellip;]<\/p>\n","protected":false},"featured_media":13375,"comment_status":"closed","ping_status":"closed","template":"","meta":{"_acf_changed":false,"_seopress_robots_primary_cat":"","_seopress_titles_title":"","_seopress_titles_desc":"","_seopress_robots_index":""},"product_brand":[],"product_cat":[1040],"product_tag":[],"class_list":{"0":"post-13377","1":"product","2":"type-product","3":"status-publish","4":"has-post-thumbnail","6":"product_cat-autres-publications","8":"first","9":"outofstock","10":"shipping-taxable","11":"purchasable","12":"product-type-simple"},"acf":[],"_links":{"self":[{"href":"https:\/\/africalia.be\/nl\/wp-json\/wp\/v2\/product\/13377","targetHints":{"allow":["GET"]}}],"collection":[{"href":"https:\/\/africalia.be\/nl\/wp-json\/wp\/v2\/product"}],"about":[{"href":"https:\/\/africalia.be\/nl\/wp-json\/wp\/v2\/types\/product"}],"replies":[{"embeddable":true,"href":"https:\/\/africalia.be\/nl\/wp-json\/wp\/v2\/comments?post=13377"}],"version-history":[{"count":0,"href":"https:\/\/africalia.be\/nl\/wp-json\/wp\/v2\/product\/13377\/revisions"}],"wp:featuredmedia":[{"embeddable":true,"href":"https:\/\/africalia.be\/nl\/wp-json\/wp\/v2\/media\/13375"}],"wp:attachment":[{"href":"https:\/\/africalia.be\/nl\/wp-json\/wp\/v2\/media?parent=13377"}],"wp:term":[{"taxonomy":"product_brand","embeddable":true,"href":"https:\/\/africalia.be\/nl\/wp-json\/wp\/v2\/product_brand?post=13377"},{"taxonomy":"product_cat","embeddable":true,"href":"https:\/\/africalia.be\/nl\/wp-json\/wp\/v2\/product_cat?post=13377"},{"taxonomy":"product_tag","embeddable":true,"href":"https:\/\/africalia.be\/nl\/wp-json\/wp\/v2\/product_tag?post=13377"}],"curies":[{"name":"wp","href":"https:\/\/api.w.org\/{rel}","templated":true}]}}