{"id":13338,"date":"2015-07-08T14:55:43","date_gmt":"2015-07-08T14:55:43","guid":{"rendered":"https:\/\/africalia.be\/kiripi-katembo\/"},"modified":"2023-12-13T10:11:37","modified_gmt":"2023-12-13T10:11:37","slug":"kiripi-katembo","status":"publish","type":"product","link":"https:\/\/africalia.be\/nl\/produit\/kiripi-katembo\/","title":{"rendered":"Doorgang DRC. Kiripi Katembo"},"content":{"rendered":"<figure id=\"attachment_13337\" aria-describedby=\"caption-attachment-13337\" style=\"width: 1000px\" class=\"wp-caption alignnone\"><img fetchpriority=\"high\" decoding=\"async\" class=\"wp-image-13337 size-full\" src=\"https:\/\/africalia.be\/wp-content\/uploads\/2015\/07\/cover_kiripi-jpg.webp\" alt=\"\" width=\"1000\" height=\"977\" align=\"insert|left|taille=grand\" srcset=\"https:\/\/africalia.be\/wp-content\/uploads\/2015\/07\/cover_kiripi-jpg.webp 1000w, https:\/\/africalia.be\/wp-content\/uploads\/2015\/07\/cover_kiripi-300x293.webp 300w, https:\/\/africalia.be\/wp-content\/uploads\/2015\/07\/cover_kiripi-768x750.webp 768w\" sizes=\"(max-width: 1000px) 100vw, 1000px\" \/><figcaption id=\"caption-attachment-13337\" class=\"wp-caption-text\">cover_livre_photo_Kiripi_katembo<\/figcaption><\/figure>\n<p><strong>Collection Africalia Editions [photo]<br \/>Africalia Editions &amp;\u00a0Stichting Kunstboek 2015<\/strong><\/p>\n<p>Kiripi Katembo photographie\u00a0l\u2019urbanit\u00e9 chaotique de la m\u00e9tropole\u00a0kinoise dont il fait ressortir autant\u00a0l\u2019absurdit\u00e9 que la beaut\u00e9. Jeux de reflets,\u00a0vertiges, mise \u00e0 plat des \u00e9chelles,\u00a0contrastes des couleurs et saturation\u00a0des noirs servent \u00e0 rendre Kinshasa et\u00a0ses villes consoeurs plus \u00e9clatantes que\u00a0jamais. Faisant partie des artistes les plus\u00a0prometteurs de sa g\u00e9n\u00e9ration, son travail,\u00a0prot\u00e9iforme, aur\u00e9ol\u00e9 de nombreux\u00a0prix internationaux, trouve dans cette\u00a0monographie un magnifique condens\u00e9\u00a0de ces plus fascinantes s\u00e9ries.<\/p>\n<p><strong>Donn\u00e9es techniques<\/strong><\/p>\n<p>L\u2019\u00e9dition est en 3 langues : fran\u00e7ais, anglais et n\u00e9erlandais<br \/>Format : 24,5 x 23,5 cm<br \/>Nombre de pages : 96 p.<br \/>Prix : 30,00 \u20ac<br \/>ISBN :\u00a0978-90-5856-517-4<br \/>Date de publication: juillet 2015<\/p>\n<p><strong>M\u00e9dias<\/strong><\/p>\n<p><a href=\"https:\/\/app.box.com\/s\/e8019xfxcc12wf1e20ufqe11geqps64q\" target=\"_blank\" rel=\"noopener noreferrer nofollow\">Dossier de presse Kiripi Katembo <em>Transit \u2014 RDC<\/em><\/a><\/p>\n<p><a href=\"http:\/\/cobra.be\/cm\/cobra\/videozone\/rubriek\/kunst-videozone\/1.1339858\" target=\"_blank\" rel=\"noopener noreferrer nofollow\">Interview Kiripi &#8211; Cobra (Juin 2012)<\/a><\/p>\n<p><a href=\"https:\/\/www.youtube.com\/watch?time_continue=3&amp;v=4mS9OpYJC7g\" target=\"_blank\" rel=\"noopener noreferrer nofollow\">Interview Kiripi &#8211; Exposition <em>Beaut\u00e9 Congo &#8211; Congo Kitoko<\/em>, 2015<\/a><\/p>\n<div id='gallery-1' class='gallery galleryid-13338 gallery-columns-3 gallery-size-thumbnail'><figure class='gallery-item'>\n\t\t\t<div class='gallery-icon landscape'>\n\t\t\t\t<a href='https:\/\/africalia.be\/wp-content\/uploads\/2018\/07\/cover_kiripi-jpg.webp'><img decoding=\"async\" width=\"150\" height=\"150\" src=\"https:\/\/africalia.be\/wp-content\/uploads\/2018\/07\/cover_kiripi-150x150.webp\" class=\"attachment-thumbnail size-thumbnail\" alt=\"cover_livre_photo_Kiripi_katembo\" aria-describedby=\"gallery-1-13339\" \/><\/a>\n\t\t\t<\/div>\n\t\t\t\t<figcaption class='wp-caption-text gallery-caption' id='gallery-1-13339'>\n\t\t\t\tcover_livre_photo_Kiripi_katembo\n\t\t\t\t<\/figcaption><\/figure>\n\t\t<\/div>\n\n","protected":false},"excerpt":{"rendered":"<p>Collection Africalia Editions [photo]Africalia Editions &amp;\u00a0Stichting Kunstboek 2015 Kiripi Katembo photographie\u00a0l\u2019urbanit\u00e9 chaotique de la m\u00e9tropole\u00a0kinoise dont il fait ressortir autant\u00a0l\u2019absurdit\u00e9 que la beaut\u00e9. Jeux de reflets,\u00a0vertiges, mise \u00e0 plat des \u00e9chelles,\u00a0contrastes des couleurs et saturation\u00a0des noirs servent \u00e0 rendre Kinshasa et\u00a0ses villes consoeurs plus \u00e9clatantes que\u00a0jamais. Faisant partie des artistes les plus\u00a0prometteurs de sa g\u00e9n\u00e9ration, [&hellip;]<\/p>\n","protected":false},"featured_media":13336,"comment_status":"closed","ping_status":"closed","template":"","meta":{"_acf_changed":false,"_seopress_robots_primary_cat":"","_seopress_titles_title":"","_seopress_titles_desc":"","_seopress_robots_index":""},"product_brand":[],"product_cat":[1036],"product_tag":[],"class_list":{"0":"post-13338","1":"product","2":"type-product","3":"status-publish","4":"has-post-thumbnail","6":"product_cat-livres-photo","8":"first","9":"instock","10":"shipping-taxable","11":"purchasable","12":"product-type-simple"},"acf":[],"_links":{"self":[{"href":"https:\/\/africalia.be\/nl\/wp-json\/wp\/v2\/product\/13338","targetHints":{"allow":["GET"]}}],"collection":[{"href":"https:\/\/africalia.be\/nl\/wp-json\/wp\/v2\/product"}],"about":[{"href":"https:\/\/africalia.be\/nl\/wp-json\/wp\/v2\/types\/product"}],"replies":[{"embeddable":true,"href":"https:\/\/africalia.be\/nl\/wp-json\/wp\/v2\/comments?post=13338"}],"version-history":[{"count":0,"href":"https:\/\/africalia.be\/nl\/wp-json\/wp\/v2\/product\/13338\/revisions"}],"wp:featuredmedia":[{"embeddable":true,"href":"https:\/\/africalia.be\/nl\/wp-json\/wp\/v2\/media\/13336"}],"wp:attachment":[{"href":"https:\/\/africalia.be\/nl\/wp-json\/wp\/v2\/media?parent=13338"}],"wp:term":[{"taxonomy":"product_brand","embeddable":true,"href":"https:\/\/africalia.be\/nl\/wp-json\/wp\/v2\/product_brand?post=13338"},{"taxonomy":"product_cat","embeddable":true,"href":"https:\/\/africalia.be\/nl\/wp-json\/wp\/v2\/product_cat?post=13338"},{"taxonomy":"product_tag","embeddable":true,"href":"https:\/\/africalia.be\/nl\/wp-json\/wp\/v2\/product_tag?post=13338"}],"curies":[{"name":"wp","href":"https:\/\/api.w.org\/{rel}","templated":true}]}}