{"id":13328,"date":"2016-12-23T11:03:53","date_gmt":"2016-12-23T11:03:53","guid":{"rendered":"https:\/\/africalia.be\/ni-kuruka-maisha-jumping-into-life-2\/"},"modified":"2023-12-13T11:07:46","modified_gmt":"2023-12-13T11:07:46","slug":"ni-kuruka-maisha-springen-in-het-leven-2","status":"publish","type":"product","link":"https:\/\/africalia.be\/nl\/produit\/ni-kuruka-maisha-jumping-into-life-2\/","title":{"rendered":"Ni Kuruka Maisha - Springen in het leven"},"content":{"rendered":"<figure class=\"wp-block-embed is-type-video is-provider-youtube wp-block-embed-youtube wp-embed-aspect-16-9 wp-has-aspect-ratio\"><div class=\"wp-block-embed__wrapper\">\n<iframe title=\"NKM aanhangwagen\" width=\"800\" height=\"450\" src=\"https:\/\/www.youtube.com\/embed\/Xjr5y_Y4rFs?feature=oembed\" frameborder=\"0\" allow=\"accelerometer; autoplay; clipboard-write; encrypted-media; gyroscope; picture-in-picture; web-share\" allowfullscreen><\/iframe>\n<\/div><\/figure>\n\n\n<p>&nbsp;<\/p>\n<figure id=\"attachment_13327\" aria-describedby=\"caption-attachment-13327\" style=\"width: 787px\" class=\"wp-caption alignnone\"><img fetchpriority=\"high\" decoding=\"async\" class=\"wp-image-13327 size-full\" src=\"https:\/\/africalia.be\/wp-content\/uploads\/2014\/12\/nkm_jumpingintolife_dvd_cover-jpg.webp\" alt=\"\" width=\"787\" height=\"1113\" align=\"insert|left|taille=grand\" srcset=\"https:\/\/africalia.be\/wp-content\/uploads\/2014\/12\/nkm_jumpingintolife_dvd_cover-jpg.webp 787w, https:\/\/africalia.be\/wp-content\/uploads\/2014\/12\/nkm_jumpingintolife_dvd_cover-212x300.webp 212w, https:\/\/africalia.be\/wp-content\/uploads\/2014\/12\/nkm_jumpingintolife_dvd_cover-724x1024.webp 724w, https:\/\/africalia.be\/wp-content\/uploads\/2014\/12\/nkm_jumpingintolife_dvd_cover-768x1086.webp 768w\" sizes=\"(max-width: 787px) 100vw, 787px\" \/><figcaption id=\"caption-attachment-13327\" class=\"wp-caption-text\">cover_dvd_Ni-Kuruka-Maisha_Springen-van-het-leven<\/figcaption><\/figure>\n<p><strong>Springen in het leven<\/strong> is een lange documentaire over jongeren die zijn opgeleid aan de Kuruka Maisha School of Performing Arts. De film is geproduceerd en gefilmd door jongeren met dezelfde sociale achtergrond en biedt een intieme en intense kijk in het leven van jongeren in de sloppenwijken van Nairobi. Het toont de vreugde en het plezier waarmee ze ontdekken dat ze podiumkunstenaars zijn, maar suggereert ook de complexiteit en soms ontgoocheling die ze kunnen voelen wanneer ze geconfronteerd worden met de fantasie\u00ebn en dromen die het kunstenaarschap in hen oproept.<\/p>\n<p><strong>Collectie Africalia Producties<\/strong><\/p>\n<hr \/>\n<p><strong>Presentatie van de partners<\/strong><\/p>\n<p><strong> <em>Kuruka Maisha<\/em> <\/strong>is een kunstschool voor straatkinderen. De school is ontwikkeld vanuit de gedachte dat kunstzinnige activiteiten straatkinderen op allerlei manieren helpen. De school biedt lessen in visuele en podiumkunsten zoals acrobatiek, traditionele en hedendaagse Afrikaanse dans, capoeira, theater, beeldende kunst en muziek. Elke klas heeft zeer specifieke doelstellingen, prioriteiten en een welomschreven lesaanpak. De artistieke activiteiten helpen de maatschappelijk werkers om contact te leggen met de straatkinderen. Bovendien hebben deze activiteiten een grote impact op de fysieke en mentale toestand van de kinderen.<\/p>\n<p><strong> <em>De Mwelu Stichting<\/em> <\/strong> zet zich in voor projecten voor kinderen en tieners in de sloppenwijken van Nairobi's Mathare Valley. Ze introduceren en trainen jongeren in fotografie en video en zorgen er tegelijkertijd voor dat ze regelmatig naar school gaan. Hun missie is om het talent van kinderen uit de armste gemeenschappen van Nairobi te koesteren door hen te trainen in creatieve kunsten en belangrijke levensvaardigheden. Door kinderen een stem te geven en onderwijs te bevorderen, hopen ze de cyclus van armoede en geweld te doorbreken. <a href=\"https:\/\/africalia.be\/nl\/stichting-mwelu\/\"><strong>Lees meer over de Mwelu Foundation.<\/strong><\/a><\/p>\n<p><strong>Koop de DVD<\/strong><\/p>\n<p>Prijs: \u20ac16.00<\/p>\n<p><strong>Technische gegevens<\/strong><\/p>\n<p>A DOCUMENTARY BY Mwelu Foundation &amp; Kuruka Maisha Foundation WRITTEN BY Elijah Mumo, Grace Kinya, James Otieno, Jesse Salem Ng'ang'a, Lucy Roby, Nicholas Balongo, Rachael Ouko DIRECTED BY Jes'se Salem Ng'ang'a &amp; Grace Kinya PRODUCED BY Africalia IN COLLABORATION WITH Atelier Graphoui WITH THE SUPPORT OF DGD. DANK AAN IEDEREEN DIE DE PRODUCTIE EN DEZE DVD MOGELIJK HEEFT GEMAAKT, IN HET BIJZONDER : alle jongeren en leraars van Kuruka Maisha, Lucy Roby, Boni Katei en Dan Oloo en Antony Mwangi van Medeva, Nina Ogot, Adam Chienjo, Kaboge Wycliffe Chagala, Toby Amani (de gitarist), Yazmany Arboleda, Charlotte Morantin, Patricia Van de Velde, het hele team van Africalia Bjorn Maes, Mirko Popovitch, Fr\u00e9d\u00e9ric Jacquemin, Dorine Rurashitse, Paul Lira, Audrey Brisack, het hele team van Graphoui, Christian Coppin, S\u00e9bastien Demeffe, Laszlo Umbreit, Ellen Meiresonne, Genevi\u00e8ve Duckerts, Rosa Spaliviero, Romain Assenat, Pierre de Bellefroid, Aline Moens, Patrick Theunen, Didier Spirlet, Jacques Faton, Lou Vernin, Sammy Baloji &amp; Leo, Polymorfilms, Simon Arazi, Nicolas Van Kerckhove, Bart Ouvry, de ambassadeur van Belgi\u00eb in Kenia en het hele team.<\/p>\n<div id='gallery-1' class='gallery galleryid-13328 gallery-columns-3 gallery-size-thumbnail'><figure class='gallery-item'>\n\t\t\t<div class='gallery-icon portrait'>\n\t\t\t\t<a href='https:\/\/africalia.be\/wp-content\/uploads\/2018\/08\/nkm_jumpingintolife_dvd_cover-jpg.webp'><img decoding=\"async\" width=\"150\" height=\"150\" src=\"https:\/\/africalia.be\/wp-content\/uploads\/2018\/08\/nkm_jumpingintolife_dvd_cover-150x150.webp\" class=\"attachment-thumbnail size-thumbnail\" alt=\"cover_dvd_Ni-Kuruka-Maisha_Springen-van-het-leven\" aria-describedby=\"gallery-1-13329\" \/><\/a>\n\t\t\t<\/div>\n\t\t\t\t<figcaption class='wp-caption-text gallery-caption' id='gallery-1-13329'>\n\t\t\t\tcover_dvd_Ni-Kuruka-Maisha_Springen-van-het-leven\n\t\t\t\t<\/figcaption><\/figure>\n\t\t<\/div>","protected":false},"excerpt":{"rendered":"<p>&nbsp; Jumping into Life est un long m\u00e9trage documentaire sur les jeunes form\u00e9s \u00e0 l\u2019\u00e9cole des arts du spectacle Kuruka Maisha. R\u00e9alis\u00e9 et film\u00e9 par des jeunes de la m\u00eame origine sociale, le film propose un regard complice et intense sur la vie des jeunes dans les bidonvilles de Nairobi. Il montre toute la joie [&hellip;]<\/p>\n","protected":false},"featured_media":13326,"comment_status":"closed","ping_status":"closed","template":"","meta":{"_acf_changed":false,"_seopress_robots_primary_cat":"","_seopress_titles_title":"","_seopress_titles_desc":"","_seopress_robots_index":""},"product_brand":[],"product_cat":[1037],"product_tag":[],"class_list":{"0":"post-13328","1":"product","2":"type-product","3":"status-publish","4":"has-post-thumbnail","6":"product_cat-documentaires","8":"first","9":"instock","10":"shipping-taxable","11":"purchasable","12":"product-type-simple"},"acf":[],"_links":{"self":[{"href":"https:\/\/africalia.be\/nl\/wp-json\/wp\/v2\/product\/13328","targetHints":{"allow":["GET"]}}],"collection":[{"href":"https:\/\/africalia.be\/nl\/wp-json\/wp\/v2\/product"}],"about":[{"href":"https:\/\/africalia.be\/nl\/wp-json\/wp\/v2\/types\/product"}],"replies":[{"embeddable":true,"href":"https:\/\/africalia.be\/nl\/wp-json\/wp\/v2\/comments?post=13328"}],"version-history":[{"count":0,"href":"https:\/\/africalia.be\/nl\/wp-json\/wp\/v2\/product\/13328\/revisions"}],"wp:featuredmedia":[{"embeddable":true,"href":"https:\/\/africalia.be\/nl\/wp-json\/wp\/v2\/media\/13326"}],"wp:attachment":[{"href":"https:\/\/africalia.be\/nl\/wp-json\/wp\/v2\/media?parent=13328"}],"wp:term":[{"taxonomy":"product_brand","embeddable":true,"href":"https:\/\/africalia.be\/nl\/wp-json\/wp\/v2\/product_brand?post=13328"},{"taxonomy":"product_cat","embeddable":true,"href":"https:\/\/africalia.be\/nl\/wp-json\/wp\/v2\/product_cat?post=13328"},{"taxonomy":"product_tag","embeddable":true,"href":"https:\/\/africalia.be\/nl\/wp-json\/wp\/v2\/product_tag?post=13328"}],"curies":[{"name":"wp","href":"https:\/\/api.w.org\/{rel}","templated":true}]}}