{"id":13260,"date":"2023-12-04T16:35:20","date_gmt":"2023-12-04T15:35:20","guid":{"rendered":"https:\/\/africalia.be\/theatre-congolais-contemporain\/"},"modified":"2023-12-13T23:33:38","modified_gmt":"2023-12-13T22:33:38","slug":"hedendaags-congolees-theater","status":"publish","type":"product","link":"https:\/\/africalia.be\/nl\/produit\/theatre-congolais-contemporain\/","title":{"rendered":"Hedendaags Congolees theater"},"content":{"rendered":"<figure class=\"wp-block-image alignleft is-resized size-full wp-image-13259\"><img fetchpriority=\"high\" decoding=\"async\" width=\"800\" height=\"1138\" src=\"https:\/\/africalia.be\/wp-content\/uploads\/2014\/04\/congolais-theatre_res-jpg.webp\" alt=\"cover_leven_theater_congolais_contemporain\" class=\"wp-image-13259\" style=\"width:300px\" srcset=\"https:\/\/africalia.be\/wp-content\/uploads\/2014\/04\/congolais-theatre_res-jpg.webp 800w, https:\/\/africalia.be\/wp-content\/uploads\/2014\/04\/congolais-theatre_res-211x300.webp 211w, https:\/\/africalia.be\/wp-content\/uploads\/2014\/04\/congolais-theatre_res-720x1024.webp 720w, https:\/\/africalia.be\/wp-content\/uploads\/2014\/04\/congolais-theatre_res-768x1092.webp 768w\" sizes=\"(max-width: 800px) 100vw, 800px\" \/><figcaption class=\"wp-element-caption\">cover_leven_theater_congolais_contemporain<\/figcaption><\/figure>\n\n\n\n<p><strong>Dit boek bevat drie toneelstukken van auteurs uit de Democratische Republiek Congo:<\/strong><\/p>\n\n\n\n<p>- Einsteinnette (David-Minor Ilunga)<br>- Verkeerstoren (C\u00e9lestin Kasongo)<br>- Gevangenen van Ekafela (Jonathan Kombe)<\/p>\n\n\n\n<p>Met dit boek, Africalia, is de <a href=\"https:\/\/africalia.be\/nl\/het-asfalt-van-auteurs\/\"><strong>Teermac des Auteurs<\/strong><\/a> en Lansman Editeur hopen bij te dragen aan de opkomst van jonge, getalenteerde Congolese toneelschrijvers.<br>Met de steun van Africalia ontwikkelt de Tarmac des Auteurs in Kinshasa een kweekvijver voor nieuwe generaties toneelschrijvers. Door (jonge) toneelschrijvers aan te moedigen de sprong te wagen, maar ook door een indrukwekkende reeks gekwalificeerde sprekers uit te nodigen om hen aan te moedigen na te denken over de specifieke aard van toneelschrijven, over problemen van inhoud en vorm, over taal, enzovoort.<\/p>\n\n\n\n<p>Deze drie stukken zouden een eerste stap moeten zijn in de verrijking van het theaterrepertoire van de DRC, waardoor de vele gezelschappen van het land nieuwe manieren krijgen om op te treden. Maar de ambitie is natuurlijk ook om deze nieuwe stukken buiten de landsgrenzen te laten ontdekken, met, wie weet, de sleutel tot meerdere uiteenlopende creaties in de vier uithoeken van de Franstalige wereld.<\/p>\n\n\n\n<p>Het Congolese theater houdt nooit op te bestaan, het maakt deel uit van het dagelijkse leven van de mensen van Kin, Lushois, Matadiens, Boyomais, Bukaviens, Mbandakais... Het leeft in de wijken, soms gevoed door humor en cynisme om beter uitdrukking te geven aan het dagelijkse leven van de bevolkingen waarvan het meestal de scherpe weerspiegeling is.<\/p>\n\n\n\n<h3 class=\"wp-block-heading\">De auteurs<\/h3>\n\n\n\n<p><strong>David-Minor Ilunga<\/strong>Geboren in Kinshasa op 17 september 1986. Als kind ontwikkelde hij een passie voor het gesproken woord. In 2003 begon hij zijn avontuur met het theater. Kort na een korte periode als acteur ontpopte hij zich tot een auteur die de aandacht zou trekken van de Tarmac des Auteurs, waarvan hij momenteel lid is.<\/p>\n\n\n\n<p><strong>C\u00e9lestin Kasongo<\/strong>Geboren op 1 november 1969 in Kolwezi. Hij is theateracteur en schrijver, leidt een amateurtheatergezelschap in Lubumbashi en doceert scheikunde. Hij heeft verschillende toneelstukken geschreven.<\/p>\n\n\n\n<p><strong>Jonathan Kombe<\/strong>geboren in Kisangani, is acteur, schrijver, scriptschrijver en tekstschrijver. Hij begon met schrijven in 2006 bij de Tarmac des Auteurs. Hij is ook mensenrechtenactivist.<\/p>\n\n\n\n<h3 class=\"wp-block-heading\">Het boek kopen<\/h3>\n\n\n\n<p>Prijs: \u20ac13.00<\/p>\n\n\n\n<p><strong>Lansman Editeur. De publicatie van dit boek werd ondersteund door Africalia.<\/strong><\/p>","protected":false},"excerpt":{"rendered":"<p>Cet ouvrage comprend trois pi\u00e8ces d\u2019auteurs de la R\u00e9publique D\u00e9mocratique du Congo: &#8211; Einsteinnette (David-Minor Ilunga)&#8211; Tour de contr\u00f4le (C\u00e9lestin Kasongo)&#8211; Prisonnires d\u2019Ekafela (Jonathan Kombe) Avec cet ouvrage, Africalia, le Tarmac des Auteurs et Lansman Editeur esp\u00e8rent contribuer \u00e0 l\u2019\u00e9mergence de jeunes et talentueux dramaturges congolais.Avec le soutien d\u2019Africalia, le Tarmac des Auteurs de Kinshasa [&hellip;]<\/p>\n","protected":false},"featured_media":13258,"comment_status":"closed","ping_status":"closed","template":"","meta":{"_acf_changed":false,"_seopress_robots_primary_cat":"","_seopress_titles_title":"","_seopress_titles_desc":"","_seopress_robots_index":""},"product_brand":[],"product_cat":[1040],"product_tag":[],"class_list":{"0":"post-13260","1":"product","2":"type-product","3":"status-publish","4":"has-post-thumbnail","6":"product_cat-autres-publications","8":"first","9":"instock","10":"shipping-taxable","11":"purchasable","12":"product-type-simple"},"acf":[],"_links":{"self":[{"href":"https:\/\/africalia.be\/nl\/wp-json\/wp\/v2\/product\/13260","targetHints":{"allow":["GET"]}}],"collection":[{"href":"https:\/\/africalia.be\/nl\/wp-json\/wp\/v2\/product"}],"about":[{"href":"https:\/\/africalia.be\/nl\/wp-json\/wp\/v2\/types\/product"}],"replies":[{"embeddable":true,"href":"https:\/\/africalia.be\/nl\/wp-json\/wp\/v2\/comments?post=13260"}],"version-history":[{"count":0,"href":"https:\/\/africalia.be\/nl\/wp-json\/wp\/v2\/product\/13260\/revisions"}],"wp:featuredmedia":[{"embeddable":true,"href":"https:\/\/africalia.be\/nl\/wp-json\/wp\/v2\/media\/13258"}],"wp:attachment":[{"href":"https:\/\/africalia.be\/nl\/wp-json\/wp\/v2\/media?parent=13260"}],"wp:term":[{"taxonomy":"product_brand","embeddable":true,"href":"https:\/\/africalia.be\/nl\/wp-json\/wp\/v2\/product_brand?post=13260"},{"taxonomy":"product_cat","embeddable":true,"href":"https:\/\/africalia.be\/nl\/wp-json\/wp\/v2\/product_cat?post=13260"},{"taxonomy":"product_tag","embeddable":true,"href":"https:\/\/africalia.be\/nl\/wp-json\/wp\/v2\/product_tag?post=13260"}],"curies":[{"name":"wp","href":"https:\/\/api.w.org\/{rel}","templated":true}]}}