{"id":13255,"date":"2023-12-02T16:33:30","date_gmt":"2023-12-02T15:33:30","guid":{"rendered":"https:\/\/africalia.be\/jump-theatre\/"},"modified":"2023-12-13T23:34:35","modified_gmt":"2023-12-13T22:34:35","slug":"springtheater","status":"publish","type":"product","link":"https:\/\/africalia.be\/nl\/produit\/jump-theatre\/","title":{"rendered":"Theater Springen"},"content":{"rendered":"<figure class=\"wp-block-image alignleft is-resized size-full wp-image-13254\"><img fetchpriority=\"high\" decoding=\"async\" width=\"800\" height=\"1132\" src=\"https:\/\/africalia.be\/wp-content\/uploads\/2014\/04\/jump-theatre-couv_res-jpg.webp\" alt=\"cover_boek_springen_theater\" class=\"wp-image-13254\" style=\"width:300px\" srcset=\"https:\/\/africalia.be\/wp-content\/uploads\/2014\/04\/jump-theatre-couv_res-jpg.webp 800w, https:\/\/africalia.be\/wp-content\/uploads\/2014\/04\/jump-theatre-couv_res-212x300.webp 212w, https:\/\/africalia.be\/wp-content\/uploads\/2014\/04\/jump-theatre-couv_res-724x1024.webp 724w, https:\/\/africalia.be\/wp-content\/uploads\/2014\/04\/jump-theatre-couv_res-768x1087.webp 768w\" sizes=\"(max-width: 800px) 100vw, 800px\" \/><figcaption class=\"wp-element-caption\">cover_boek_springen_theater<\/figcaption><\/figure>\n\n\n\n<h4 class=\"wp-block-heading\">\"Jump Theatre - How to make a play is een boek over theaterproductie van Kevin Hanssen.<\/h4>\n\n\n\n<p><strong>Een fantastische wereld vol sprookjes<\/strong><\/p>\n\n\n\n<p>Theater gaat over het vertellen van verhalen en daar zijn meer dan alleen acteurs voor nodig. Er is een heel team van mensen nodig om een voorstelling tot een echt succes te maken. \"Jump Theatre\" verkent deze vele rollen en processen, met veel voorbeelden uit de persoonlijke ervaring van de auteur in het theater. Hij heeft de laatste twintig jaar van zijn theaterervaring gedistilleerd in een boek dat de lezer door de vele stappen leidt die nodig zijn om een show op te zetten.<\/p>\n\n\n\n<p><strong>De auteur<\/strong><\/p>\n\n\n\n<p>Kevin Hanssen is regisseur, acteur, schrijver en docent. Hij was een van de oprichters van Over the Edge Theatre Company, waarmee hij 10 jaar lang op drie continenten heeft opgetreden. Sindsdien heeft hij zijn eigen bedrijf Jump Productions opgericht en blijft hij zijn visie en passie voor de podiumkunsten ontwikkelen in Zimbabwe en daarbuiten.<\/p>\n\n\n\n<p><strong>Het boek kopen<\/strong><\/p>\n\n\n\n<p>Prijs: \u20ac21.00<\/p>\n\n\n\n<p><strong>De uitgevers <\/strong><\/p>\n\n\n\n<p>\"Jump THEATRE - How to make a play is een samenwerking tussen Africalia en Jump Productions in Zimbabwe.<\/p>\n\n\n\n<p>Uitgegeven in Zimbabwe door Africalia (Belgi\u00eb) en Jump Productions (Zimbabwe).<br>Illustraties: Heather Cameron, Alex Fairlie en Kevin Hanssen.<br>Foto's: Macpherson Photographers, Philips Entertainment en priv\u00e9archieven.<br>Lay-out: Kevin Hanssen.<br>Gedrukt in Zimbabwe door Sable Press.<\/p>","protected":false},"excerpt":{"rendered":"<p>\u00ab\u00a0Jump Theatre &#8211; How to make a play\u00a0\u00bb (Comment monter une pi\u00e8ce de th\u00e9\u00e2tre) est un livre sur la production th\u00e9\u00e2trale par Kevin Hanssen. Un monde fantastique des contes Le th\u00e9\u00e2tre implique de raconter des histoires, et il faut plus que des acteurs pour le faire. Il y a toute une \u00e9quipe de personnes n\u00e9cessaires [&hellip;]<\/p>\n","protected":false},"featured_media":13253,"comment_status":"closed","ping_status":"closed","template":"","meta":{"_acf_changed":false,"_seopress_robots_primary_cat":"","_seopress_titles_title":"","_seopress_titles_desc":"","_seopress_robots_index":""},"product_brand":[],"product_cat":[1040],"product_tag":[],"class_list":{"0":"post-13255","1":"product","2":"type-product","3":"status-publish","4":"has-post-thumbnail","6":"product_cat-autres-publications","8":"first","9":"instock","10":"shipping-taxable","11":"purchasable","12":"product-type-simple"},"acf":[],"_links":{"self":[{"href":"https:\/\/africalia.be\/nl\/wp-json\/wp\/v2\/product\/13255","targetHints":{"allow":["GET"]}}],"collection":[{"href":"https:\/\/africalia.be\/nl\/wp-json\/wp\/v2\/product"}],"about":[{"href":"https:\/\/africalia.be\/nl\/wp-json\/wp\/v2\/types\/product"}],"replies":[{"embeddable":true,"href":"https:\/\/africalia.be\/nl\/wp-json\/wp\/v2\/comments?post=13255"}],"version-history":[{"count":0,"href":"https:\/\/africalia.be\/nl\/wp-json\/wp\/v2\/product\/13255\/revisions"}],"wp:featuredmedia":[{"embeddable":true,"href":"https:\/\/africalia.be\/nl\/wp-json\/wp\/v2\/media\/13253"}],"wp:attachment":[{"href":"https:\/\/africalia.be\/nl\/wp-json\/wp\/v2\/media?parent=13255"}],"wp:term":[{"taxonomy":"product_brand","embeddable":true,"href":"https:\/\/africalia.be\/nl\/wp-json\/wp\/v2\/product_brand?post=13255"},{"taxonomy":"product_cat","embeddable":true,"href":"https:\/\/africalia.be\/nl\/wp-json\/wp\/v2\/product_cat?post=13255"},{"taxonomy":"product_tag","embeddable":true,"href":"https:\/\/africalia.be\/nl\/wp-json\/wp\/v2\/product_tag?post=13255"}],"curies":[{"name":"wp","href":"https:\/\/api.w.org\/{rel}","templated":true}]}}