{"id":13240,"date":"2011-04-02T15:21:48","date_gmt":"2011-04-02T15:21:48","guid":{"rendered":"https:\/\/africalia.be\/grassroots-upgraded\/"},"modified":"2023-12-13T11:00:15","modified_gmt":"2023-12-13T11:00:15","slug":"basis-opgewaardeerd","status":"publish","type":"product","link":"https:\/\/africalia.be\/nl\/produit\/grassroots-upgraded\/","title":{"rendered":"Opwaardering van de basis: Reflecties op Nairobi Eastlands"},"content":{"rendered":"\n<figure class=\"wp-block-embed is-type-video is-provider-youtube wp-block-embed-youtube wp-embed-aspect-4-3 wp-has-aspect-ratio\"><div class=\"wp-block-embed__wrapper\">\n<iframe title=\"Africalia: Grassroots upgraded (photobook)\" width=\"800\" height=\"600\" src=\"https:\/\/www.youtube.com\/embed\/1Ljz6OCGh84?feature=oembed\" frameborder=\"0\" allow=\"accelerometer; autoplay; clipboard-write; encrypted-media; gyroscope; picture-in-picture; web-share\" allowfullscreen><\/iframe>\n<\/div><\/figure>\n\n\n<p>&nbsp;<\/p>\n<figure id=\"attachment_13239\" aria-describedby=\"caption-attachment-13239\" style=\"width: 1000px\" class=\"wp-caption alignnone\"><img fetchpriority=\"high\" decoding=\"async\" class=\"wp-image-13239 size-full\" src=\"https:\/\/africalia.be\/wp-content\/uploads\/2014\/04\/grassroots_cover_def-jpg.webp\" alt=\"\" width=\"1000\" height=\"977\" align=\"insert|left|taille=grand\" srcset=\"https:\/\/africalia.be\/wp-content\/uploads\/2014\/04\/grassroots_cover_def-jpg.webp 1000w, https:\/\/africalia.be\/wp-content\/uploads\/2014\/04\/grassroots_cover_def-300x293.webp 300w, https:\/\/africalia.be\/wp-content\/uploads\/2014\/04\/grassroots_cover_def-768x750.webp 768w\" sizes=\"(max-width: 1000px) 100vw, 1000px\" \/><figcaption id=\"caption-attachment-13239\" class=\"wp-caption-text\">cover_livre_photo_Grassroots_SlumTV<\/figcaption><\/figure>\n<p><strong>Collection Africalia Editions [photo]<br \/>Africalia, Goethe-Institut Nairobi &amp; Stichting Kunstboek 2011<\/strong><\/p>\n<hr \/>\n<p><a href=\"https:\/\/africalia.be\/slum-tv\/\"><strong>Slum TV<\/strong><\/a> est bas\u00e9e \u00e0 Mathare, un slum en plein coeur de la ville de Nairobi. Pour Grassroots upgraded, vingt membres du collectif ont choisi un appareil photographique LOMO pour pr\u00e9senter leur milieu de vie. Grassroots upgraded est moins un projet de d\u00e9veloppement qu&rsquo;un point de vue ironique sur le milieu du d\u00e9veloppement: une position qu&rsquo;\u00e9voquent ce titre du livre et le nom politiquement incorrect que porte le collectif. L&rsquo;approche est conceptuelle et politique, le choix du m\u00e9dia est esth\u00e9tique. L&rsquo;appareil LOMO est vue comme un vecteur anarchique, avec un \u00ab\u00a0facteur chance\u00a0\u00bb et une esth\u00e9tique imparfiate et floue. Gr\u00e2ce \u00e0 ces clich\u00e9s, Slum TV d\u00e9passe les st\u00e9r\u00e9otypes qui ont fa\u00e7onn\u00e9 les repr\u00e9sentations que nous nous faisons de l&rsquo;Afrique.<\/p>\n<p><strong>Donn\u00e9es techniques<\/strong><\/p>\n<p>L\u2019\u00e9dition est en 4 langues : anglais, n\u00e9erlandais, fran\u00e7ais et allemand<br \/>Format : 24,5 x 23,5 cm<br \/>Nombre de pages : 152 p.<br \/>Prix : 30,00 \u20ac<br \/>ISBN : 978-90-5856-391-0<br \/>Date de publication: 2011<\/p>\n<div id='gallery-1' class='gallery galleryid-13240 gallery-columns-3 gallery-size-thumbnail'><figure class='gallery-item'>\n\t\t\t<div class='gallery-icon landscape'>\n\t\t\t\t<a href='https:\/\/africalia.be\/wp-content\/uploads\/2018\/07\/grassroots_cover_def-jpg.webp'><img decoding=\"async\" width=\"150\" height=\"150\" src=\"https:\/\/africalia.be\/wp-content\/uploads\/2018\/07\/grassroots_cover_def-150x150.webp\" class=\"attachment-thumbnail size-thumbnail\" alt=\"cover_livre_photo_Grassroots_SlumTV\" aria-describedby=\"gallery-1-13241\" \/><\/a>\n\t\t\t<\/div>\n\t\t\t\t<figcaption class='wp-caption-text gallery-caption' id='gallery-1-13241'>\n\t\t\t\tcover_livre_photo_Grassroots_SlumTV\n\t\t\t\t<\/figcaption><\/figure>\n\t\t<\/div>\n","protected":false},"excerpt":{"rendered":"<p>&nbsp; Collection Africalia Editions [photo]Africalia, Goethe-Institut Nairobi &amp; Stichting Kunstboek 2011 Slum TV est bas\u00e9e \u00e0 Mathare, un slum en plein coeur de la ville de Nairobi. Pour Grassroots upgraded, vingt membres du collectif ont choisi un appareil photographique LOMO pour pr\u00e9senter leur milieu de vie. Grassroots upgraded est moins un projet de d\u00e9veloppement qu&rsquo;un [&hellip;]<\/p>\n","protected":false},"featured_media":13238,"comment_status":"closed","ping_status":"closed","template":"","meta":{"_acf_changed":false,"_seopress_robots_primary_cat":"","_seopress_titles_title":"","_seopress_titles_desc":"","_seopress_robots_index":""},"product_brand":[],"product_cat":[1036],"product_tag":[],"class_list":{"0":"post-13240","1":"product","2":"type-product","3":"status-publish","4":"has-post-thumbnail","6":"product_cat-livres-photo","8":"first","9":"instock","10":"shipping-taxable","11":"purchasable","12":"product-type-simple"},"acf":[],"_links":{"self":[{"href":"https:\/\/africalia.be\/nl\/wp-json\/wp\/v2\/product\/13240","targetHints":{"allow":["GET"]}}],"collection":[{"href":"https:\/\/africalia.be\/nl\/wp-json\/wp\/v2\/product"}],"about":[{"href":"https:\/\/africalia.be\/nl\/wp-json\/wp\/v2\/types\/product"}],"replies":[{"embeddable":true,"href":"https:\/\/africalia.be\/nl\/wp-json\/wp\/v2\/comments?post=13240"}],"version-history":[{"count":0,"href":"https:\/\/africalia.be\/nl\/wp-json\/wp\/v2\/product\/13240\/revisions"}],"wp:featuredmedia":[{"embeddable":true,"href":"https:\/\/africalia.be\/nl\/wp-json\/wp\/v2\/media\/13238"}],"wp:attachment":[{"href":"https:\/\/africalia.be\/nl\/wp-json\/wp\/v2\/media?parent=13240"}],"wp:term":[{"taxonomy":"product_brand","embeddable":true,"href":"https:\/\/africalia.be\/nl\/wp-json\/wp\/v2\/product_brand?post=13240"},{"taxonomy":"product_cat","embeddable":true,"href":"https:\/\/africalia.be\/nl\/wp-json\/wp\/v2\/product_cat?post=13240"},{"taxonomy":"product_tag","embeddable":true,"href":"https:\/\/africalia.be\/nl\/wp-json\/wp\/v2\/product_tag?post=13240"}],"curies":[{"name":"wp","href":"https:\/\/api.w.org\/{rel}","templated":true}]}}