{"id":13471,"date":"2018-03-16T13:06:16","date_gmt":"2018-03-16T13:06:00","guid":{"rendered":"https:\/\/africalia.be\/culture-developpement-nl\/"},"modified":"2023-11-29T17:07:23","modified_gmt":"2023-11-29T17:07:23","slug":"cultuur-ontwikkeling-nl","status":"publish","type":"page","link":"https:\/\/africalia.be\/nl\/a-propos-dafricalia\/culture-developpement-nl\/","title":{"rendered":"Cultuur en ontwikkeling"},"content":{"rendered":"<div data-elementor-type=\"wp-page\" data-elementor-id=\"13471\" class=\"elementor elementor-13471\" data-elementor-post-type=\"page\">\n\t\t\t\t<div class=\"elementor-element elementor-element-5f8a7ce1 e-flex e-con-boxed e-con e-parent\" data-id=\"5f8a7ce1\" data-element_type=\"container\" data-e-type=\"container\">\n\t\t\t\t\t<div class=\"e-con-inner\">\n\t\t\t\t<div class=\"elementor-element elementor-element-662da3d9 elementor-widget elementor-widget-text-editor\" data-id=\"662da3d9\" data-element_type=\"widget\" data-e-type=\"widget\" data-widget_type=\"text-editor.default\">\n\t\t\t\t\t\t\t\t\t<p>Africalia's acties als ontwikkelingsspeler stemmen overeen met verschillende internationale initiatieven en zijn gebaseerd op enkele referentieteksten:<\/p>\t\t\t\t\t\t\t\t<\/div>\n\t\t\t\t<div class=\"elementor-element elementor-element-f367a0d elementor-icon-list--layout-traditional elementor-list-item-link-full_width elementor-widget elementor-widget-icon-list\" data-id=\"f367a0d\" data-element_type=\"widget\" data-e-type=\"widget\" data-widget_type=\"icon-list.default\">\n\t\t\t\t\t\t\t<ul class=\"elementor-icon-list-items\">\n\t\t\t\t\t\t\t<li class=\"elementor-icon-list-item\">\n\t\t\t\t\t\t\t\t\t\t\t<span class=\"elementor-icon-list-icon\">\n\t\t\t\t\t\t\t<svg aria-hidden=\"true\" class=\"e-font-icon-svg e-fas-square-full\" viewbox=\"0 0 512 512\" xmlns=\"http:\/\/www.w3.org\/2000\/svg\"><path d=\"M512 512H0V0h512v512z\"><\/path><\/svg>\t\t\t\t\t\t<\/span>\n\t\t\t\t\t\t\t\t\t\t<span class=\"elementor-icon-list-text\"><a href=\"https:\/\/www.un.org\/sustainabledevelopment\/\" target=\"_blank\" rel=\"noopener noreferrer nofollow\">De Duurzame Ontwikkelingsdoelen (SDG's)<\/a> Streefdoel 4.7 erkent de rol van culturele diversiteit en de bijdrage van cultuur aan onderwijsbeleid; streefdoel 8.3 erkent het belang van het formuleren van economisch ontwikkelingsbeleid dat activiteiten omvat die gericht zijn op creativiteit en innovatie; streefdoel 11.4 erkent het belang van het beschermen van culturele rijkdommen en natuurlijke hulpbronnen in milieu- en stadsontwikkelingsbeleid; streefdoel 12b pleit voor duurzame productie- en consumptiepatronen die rekening houden met de lokale cultuur.<\/span>\n\t\t\t\t\t\t\t\t\t<\/li>\n\t\t\t\t\t\t\t\t<li class=\"elementor-icon-list-item\">\n\t\t\t\t\t\t\t\t\t\t\t<span class=\"elementor-icon-list-icon\">\n\t\t\t\t\t\t\t<svg aria-hidden=\"true\" class=\"e-font-icon-svg e-fas-square-full\" viewbox=\"0 0 512 512\" xmlns=\"http:\/\/www.w3.org\/2000\/svg\"><path d=\"M512 512H0V0h512v512z\"><\/path><\/svg>\t\t\t\t\t\t<\/span>\n\t\t\t\t\t\t\t\t\t\t<span class=\"elementor-icon-list-text\"><a href=\"https:\/\/www.oecd.org\/en\/publications\/paris-declaration-on-aid-effectiveness_9789264098084-en.html\" target=\"_blank\" rel=\"noopener noreferrer nofollow\">Verklaring van Parijs over de doeltreffendheid van ontwikkelingshulp<\/a><\/span>\n\t\t\t\t\t\t\t\t\t<\/li>\n\t\t\t\t\t\t\t\t<li class=\"elementor-icon-list-item\">\n\t\t\t\t\t\t\t\t\t\t\t<span class=\"elementor-icon-list-icon\">\n\t\t\t\t\t\t\t<svg aria-hidden=\"true\" class=\"e-font-icon-svg e-fas-square-full\" viewbox=\"0 0 512 512\" xmlns=\"http:\/\/www.w3.org\/2000\/svg\"><path d=\"M512 512H0V0h512v512z\"><\/path><\/svg>\t\t\t\t\t\t<\/span>\n\t\t\t\t\t\t\t\t\t\t<span class=\"elementor-icon-list-text\"><a href=\"https:\/\/www.unesco.org\/creativity\/en\/2005-convention\" target=\"_blank\" rel=\"noopener noreferrer nofollow\">UNESCO-verdrag betreffende de diversiteit van cultuuruitingen<\/a><\/span>\n\t\t\t\t\t\t\t\t\t<\/li>\n\t\t\t\t\t\t\t\t<li class=\"elementor-icon-list-item\">\n\t\t\t\t\t\t\t\t\t\t\t<span class=\"elementor-icon-list-icon\">\n\t\t\t\t\t\t\t<svg aria-hidden=\"true\" class=\"e-font-icon-svg e-fas-square-full\" viewbox=\"0 0 512 512\" xmlns=\"http:\/\/www.w3.org\/2000\/svg\"><path d=\"M512 512H0V0h512v512z\"><\/path><\/svg>\t\t\t\t\t\t<\/span>\n\t\t\t\t\t\t\t\t\t\t<span class=\"elementor-icon-list-text\"><a href=\"https:\/\/commission.europa.eu\/aid-development-cooperation-fundamental-rights_nl\" target=\"_blank\" rel=\"noopener noreferrer nofollow\">Europees handvest voor ontwikkelingshulp<\/a><\/span>\n\t\t\t\t\t\t\t\t\t<\/li>\n\t\t\t\t\t\t<\/ul>\n\t\t\t\t\t\t<\/div>\n\t\t\t\t\t<\/div>\n\t\t\t\t<\/div>\n\t\t\t\t<\/div>","protected":false},"excerpt":{"rendered":"<p>L\u2019action d\u2019Africalia en tant qu\u2019acteur de d\u00e9veloppement s\u2019inscrit dans l\u2019esprit de plusieurs initiatives internationales et se base sur des textes de r\u00e9f\u00e9rence, notamment : Les Objectifs de d\u00e9veloppement durable (ODD) : de par le r\u00f4le de la diversit\u00e9 culturelle et de la contribution de la culture aux politiques \u00e9ducatives (cible 4.7) ; la cible 8.3 [&hellip;]<\/p>\n","protected":false},"author":1,"featured_media":13470,"parent":13315,"menu_order":4,"comment_status":"closed","ping_status":"open","template":"","meta":{"_acf_changed":false,"_seopress_robots_primary_cat":"","_seopress_titles_title":"","_seopress_titles_desc":"","_seopress_robots_index":"","footnotes":""},"class_list":["post-13471","page","type-page","status-publish","has-post-thumbnail","hentry"],"acf":[],"_links":{"self":[{"href":"https:\/\/africalia.be\/nl\/wp-json\/wp\/v2\/pages\/13471","targetHints":{"allow":["GET"]}}],"collection":[{"href":"https:\/\/africalia.be\/nl\/wp-json\/wp\/v2\/pages"}],"about":[{"href":"https:\/\/africalia.be\/nl\/wp-json\/wp\/v2\/types\/page"}],"author":[{"embeddable":true,"href":"https:\/\/africalia.be\/nl\/wp-json\/wp\/v2\/users\/1"}],"replies":[{"embeddable":true,"href":"https:\/\/africalia.be\/nl\/wp-json\/wp\/v2\/comments?post=13471"}],"version-history":[{"count":0,"href":"https:\/\/africalia.be\/nl\/wp-json\/wp\/v2\/pages\/13471\/revisions"}],"up":[{"embeddable":true,"href":"https:\/\/africalia.be\/nl\/wp-json\/wp\/v2\/pages\/13315"}],"wp:featuredmedia":[{"embeddable":true,"href":"https:\/\/africalia.be\/nl\/wp-json\/wp\/v2\/media\/13470"}],"wp:attachment":[{"href":"https:\/\/africalia.be\/nl\/wp-json\/wp\/v2\/media?parent=13471"}],"curies":[{"name":"wp","href":"https:\/\/api.w.org\/{rel}","templated":true}]}}