{"id":13372,"date":"2016-10-18T13:16:56","date_gmt":"2016-10-18T13:16:56","guid":{"rendered":"https:\/\/africalia.be\/yasser-booley\/"},"modified":"2023-12-13T10:52:03","modified_gmt":"2023-12-13T10:52:03","slug":"yasser-booley","status":"publish","type":"product","link":"https:\/\/africalia.be\/en\/produit\/yasser-booley\/","title":{"rendered":"South Africa At Liberty. Yasser Booley"},"content":{"rendered":"\n<figure class=\"wp-block-embed is-type-video is-provider-youtube wp-block-embed-youtube wp-embed-aspect-16-9 wp-has-aspect-ratio\"><div class=\"wp-block-embed__wrapper\">\n<iframe title=\"Africalia: Yasser Booley - South Africa at Liberty\" width=\"800\" height=\"450\" src=\"https:\/\/www.youtube.com\/embed\/e6mLs9avYRA?feature=oembed\" frameborder=\"0\" allow=\"accelerometer; autoplay; clipboard-write; encrypted-media; gyroscope; picture-in-picture; web-share\" allowfullscreen><\/iframe>\n<\/div><\/figure>\n\n\n<p>&nbsp;<\/p>\n<p><img fetchpriority=\"high\" decoding=\"async\" class=\"alignnone wp-image-13371 size-full\" title=\"cover_Yasser_Booley\" src=\"https:\/\/africalia.be\/wp-content\/uploads\/2016\/10\/yasser_cover-jpg.webp\" alt=\"\" width=\"1000\" height=\"977\" align=\"insert|left|taille=grand\" srcset=\"https:\/\/africalia.be\/wp-content\/uploads\/2016\/10\/yasser_cover-jpg.webp 1000w, https:\/\/africalia.be\/wp-content\/uploads\/2016\/10\/yasser_cover-300x293.webp 300w, https:\/\/africalia.be\/wp-content\/uploads\/2016\/10\/yasser_cover-768x750.webp 768w\" sizes=\"(max-width: 1000px) 100vw, 1000px\" \/><\/p>\n<p><strong>Collection Africalia Editions [photo]<br \/>Africalia Editions &amp; Stichting Kunstboek 2016<\/strong><\/p>\n<p>Yasser \u201cMierkat\u201d Booley se lance dans la photographie \u00e0 l\u2019aube de la \u201cnouvelle\u201d Afrique du Sud. Il a grandi sous les tensions politiques de l\u2019Afrique du Sud au sein d\u2019une famille conservatrice malaise du Bo-Kaap. Il devient rapidement un apprenti observateur d\u00e9sireux de capter l\u2019essence de l\u2019\u00e9clectique nation \u201carc-en-ciel\u201d. Ce livre est une c\u00e9l\u00e9bration et une vision indulgente. L\u2019Afrique du Sud de Booley montre des gens ordinaires, pris \u00e0 un carrefour et enchev\u00eatr\u00e9s dans une unit\u00e9 confuse. Yasser souligne la beaut\u00e9 de l\u2019humanit\u00e9 \u00e0 travers la diversit\u00e9 des cultures, des classes, des genres et des diff\u00e9rences religieuses. Son caract\u00e8re et son style r\u00e9v\u00e8lent un optimiste d\u00e9brid\u00e9, teint\u00e9 d\u2019ironie fortuite.<\/p>\n<p><strong>Donn\u00e9es techniques<\/strong><\/p>\n<p>L\u2019\u00e9dition est en 4 langues : anglais, n\u00e9erlandais, fran\u00e7ais et allemand<br \/>Format : 24,5 x 23,5 cm<br \/>Nombre de pages : 154 p.<br \/>Prix : 30,00 \u20ac<br \/>ISBN : 978-90-5856-563-1<br \/>Date de publication: octobre 2016<\/p>\n<p>&nbsp;<\/p>\n<p><strong>Exposition<\/strong><\/p>\n<p>Une exposition itin\u00e9rante pr\u00e9sente l\u2019oeuvre de Yasser Booley \u00e0 partir d\u2019une s\u00e9lection de 40 clich\u00e9s extraits du livre <em>South Africa at Liberty<\/em>.<\/p>\n<p><strong>M\u00e9dias<\/strong><\/p>\n<ul>\n<li>Dossier de presse Yasser Booley <em>South Africa at Liberty<\/em> : <a href=\"https:\/\/app.box.com\/s\/rx7x5jrzd2n5lw2pzz0wbemsr6uyrxys\" target=\"_blank\" rel=\"noopener noreferrer nofollow\">acc\u00e9der aux documents<\/a><\/li>\n<li>Article Design Indaba : <a href=\"http:\/\/www.designindaba.com\/articles\/creative-work\/new-photobook-charts-photographer-yasser-booley%E2%80%99s-rainbow-nation\" target=\"_blank\" rel=\"noopener noreferrer nofollow\">new-photobook-charts-photographer-yasser-booley<\/a><\/li>\n<\/ul>\n<div id='gallery-1' class='gallery galleryid-13372 gallery-columns-3 gallery-size-thumbnail'><figure class='gallery-item'>\n\t\t\t<div class='gallery-icon landscape'>\n\t\t\t\t<a href='https:\/\/africalia.be\/wp-content\/uploads\/2018\/03\/yasser_cover-jpg.webp'><img decoding=\"async\" width=\"150\" height=\"150\" src=\"https:\/\/africalia.be\/wp-content\/uploads\/2018\/03\/yasser_cover-150x150.webp\" class=\"attachment-thumbnail size-thumbnail\" alt=\"cover_Yasser_Booley\" aria-describedby=\"gallery-1-13373\" \/><\/a>\n\t\t\t<\/div>\n\t\t\t\t<figcaption class='wp-caption-text gallery-caption' id='gallery-1-13373'>\n\t\t\t\tcover_Yasser_Booley\n\t\t\t\t<\/figcaption><\/figure>\n\t\t<\/div>\n","protected":false},"excerpt":{"rendered":"<p>&nbsp; Collection Africalia Editions [photo]Africalia Editions &amp; Stichting Kunstboek 2016 Yasser \u201cMierkat\u201d Booley se lance dans la photographie \u00e0 l\u2019aube de la \u201cnouvelle\u201d Afrique du Sud. Il a grandi sous les tensions politiques de l\u2019Afrique du Sud au sein d\u2019une famille conservatrice malaise du Bo-Kaap. Il devient rapidement un apprenti observateur d\u00e9sireux de capter l\u2019essence [&hellip;]<\/p>\n","protected":false},"featured_media":13370,"comment_status":"closed","ping_status":"closed","template":"","meta":{"_acf_changed":false,"_seopress_robots_primary_cat":"","_seopress_titles_title":"","_seopress_titles_desc":"","_seopress_robots_index":""},"product_brand":[],"product_cat":[1036],"product_tag":[],"class_list":{"0":"post-13372","1":"product","2":"type-product","3":"status-publish","4":"has-post-thumbnail","6":"product_cat-livres-photo","8":"first","9":"instock","10":"shipping-taxable","11":"purchasable","12":"product-type-simple"},"acf":[],"_links":{"self":[{"href":"https:\/\/africalia.be\/en\/wp-json\/wp\/v2\/product\/13372","targetHints":{"allow":["GET"]}}],"collection":[{"href":"https:\/\/africalia.be\/en\/wp-json\/wp\/v2\/product"}],"about":[{"href":"https:\/\/africalia.be\/en\/wp-json\/wp\/v2\/types\/product"}],"replies":[{"embeddable":true,"href":"https:\/\/africalia.be\/en\/wp-json\/wp\/v2\/comments?post=13372"}],"version-history":[{"count":0,"href":"https:\/\/africalia.be\/en\/wp-json\/wp\/v2\/product\/13372\/revisions"}],"wp:featuredmedia":[{"embeddable":true,"href":"https:\/\/africalia.be\/en\/wp-json\/wp\/v2\/media\/13370"}],"wp:attachment":[{"href":"https:\/\/africalia.be\/en\/wp-json\/wp\/v2\/media?parent=13372"}],"wp:term":[{"taxonomy":"product_brand","embeddable":true,"href":"https:\/\/africalia.be\/en\/wp-json\/wp\/v2\/product_brand?post=13372"},{"taxonomy":"product_cat","embeddable":true,"href":"https:\/\/africalia.be\/en\/wp-json\/wp\/v2\/product_cat?post=13372"},{"taxonomy":"product_tag","embeddable":true,"href":"https:\/\/africalia.be\/en\/wp-json\/wp\/v2\/product_tag?post=13372"}],"curies":[{"name":"wp","href":"https:\/\/api.w.org\/{rel}","templated":true}]}}