{"id":13301,"date":"2014-06-02T16:49:02","date_gmt":"2014-06-02T16:49:02","guid":{"rendered":"https:\/\/africalia.be\/julius-mwelu-nl\/"},"modified":"2023-12-13T11:18:31","modified_gmt":"2023-12-13T11:18:31","slug":"julius-mwelu-nl","status":"publish","type":"product","link":"https:\/\/africalia.be\/en\/produit\/julius-mwelu-nl\/","title":{"rendered":"Nairobi. Julius Mwelu and the Mwelu Foundation"},"content":{"rendered":"\n<figure class=\"wp-block-embed is-type-video is-provider-youtube wp-block-embed-youtube wp-embed-aspect-16-9 wp-has-aspect-ratio\"><div class=\"wp-block-embed__wrapper\">\n<iframe title=\"Julius Mwelu &amp; The Mwelu Foundation \/ Nairobi - Africalia Editions [photo]\" width=\"800\" height=\"450\" src=\"https:\/\/www.youtube.com\/embed\/iKRfSak6uZs?feature=oembed\" frameborder=\"0\" allow=\"accelerometer; autoplay; clipboard-write; encrypted-media; gyroscope; picture-in-picture; web-share\" allowfullscreen><\/iframe>\n<\/div><\/figure>\n\n\n<p>&nbsp;<\/p>\n<figure id=\"attachment_13300\" aria-describedby=\"caption-attachment-13300\" style=\"width: 1000px\" class=\"wp-caption alignnone\"><img fetchpriority=\"high\" decoding=\"async\" class=\" size-full wp-image-13300\" title=\"cover_livre_photo_Julius_Mwelu_Kenya\" src=\"https:\/\/africalia.be\/wp-content\/uploads\/2014\/06\/mwelu_cover-jpg.webp\" alt=\"cover_livre_photo_Julius_Mwelu_Kenya\" width=\"1000\" height=\"977\" align=\"insert|left|taille=grand\" srcset=\"https:\/\/africalia.be\/wp-content\/uploads\/2014\/06\/mwelu_cover-jpg.webp 1000w, https:\/\/africalia.be\/wp-content\/uploads\/2014\/06\/mwelu_cover-300x293.webp 300w, https:\/\/africalia.be\/wp-content\/uploads\/2014\/06\/mwelu_cover-768x750.webp 768w\" sizes=\"(max-width: 1000px) 100vw, 1000px\" \/><figcaption id=\"caption-attachment-13300\" class=\"wp-caption-text\">cover_livre_photo_Julius_Mwelu_Kenya<\/figcaption><\/figure>\n<p><strong>Collection Africalia Editions [photo]<br \/>Africalia Editions &amp; Stichting Kunstboek 2014<\/strong><\/p>\n<p>Ce livre t\u00e9moigne d\u2019une aventure humaine, celle du photographe <a href=\"https:\/\/africalia.be\/mwelu-foundation\/\"><strong>Julius Mwelu<\/strong><\/a>, un Kenyan dou\u00e9 et g\u00e9n\u00e9reux qui est n\u00e9 et a surv\u00e9cu dans la vall\u00e9e de Mathare. Cette partie de Nairobi est un des immenses slums qui fait de la capitale kenyane un scandale social permanent. L\u00e0, dans le d\u00e9nuement d\u2019une cit\u00e9 surpeupl\u00e9e, pauvre et sans beaucoup d\u2019espoir, le photographe s\u2019est promen\u00e9 parmi les gens, les t\u00f4les et les bidons, mais surtout il a entra\u00een\u00e9 et stimul\u00e9 des enfants, des adolescents \u00e0 regarder autrement ce monde qui les entourait. Form\u00e9s par leur mentor \u00e0 l\u2019usage de l\u2019objectif, ces jeunes ont \u00e0 leur tour port\u00e9 un regard complice mais ind\u00e9niablement critique sur l\u2019\u00e9tat de leur cit\u00e9. Dans ce d\u00e9licat m\u00e9lange de tendresse et de r\u00e9alisme, Mwelu nous propose 112 t\u00e9moignages de sa mission d\u2019artiste et de formateur.<\/p>\n<p><strong>Donn\u00e9es techniques<\/strong><\/p>\n<p>L\u2019\u00e9dition est en 3 langues : anglais, n\u00e9erlandais et fran\u00e7ais<br \/>Format : 24,5 x 23,5 cm<br \/>Nombre de pages : 144 p.<br \/>Prix : 30,00 \u20ac<br \/>ISBN : 978-90-5856-403-0<br \/>Date de publication: 2014<\/p>\n<p><strong>Dossier de presse<\/strong><\/p>\n<p>Dossier de presse Julius Mwelu &amp; The Mwelu Foundation \/ <em>Nairobi<\/em> : <a href=\"https:\/\/app.box.com\/s\/lpfdpy56ih32whr0u942\" target=\"_blank\" rel=\"noopener noreferrer nofollow\">acc\u00e9der aux documents<\/a><\/p>\n<div id='gallery-1' class='gallery galleryid-13301 gallery-columns-3 gallery-size-thumbnail'><figure class='gallery-item'>\n\t\t\t<div class='gallery-icon landscape'>\n\t\t\t\t<a href='https:\/\/africalia.be\/wp-content\/uploads\/2018\/07\/mwelu_cover-jpg.webp'><img decoding=\"async\" width=\"150\" height=\"150\" src=\"https:\/\/africalia.be\/wp-content\/uploads\/2018\/07\/mwelu_cover-150x150.webp\" class=\"attachment-thumbnail size-thumbnail\" alt=\"\" aria-describedby=\"gallery-1-13302\" \/><\/a>\n\t\t\t<\/div>\n\t\t\t\t<figcaption class='wp-caption-text gallery-caption' id='gallery-1-13302'>\n\t\t\t\tcover_livre_photo_Julius_Mwelu_Kenya\n\t\t\t\t<\/figcaption><\/figure>\n\t\t<\/div>\n","protected":false},"excerpt":{"rendered":"<p>&nbsp; Collection Africalia Editions [photo]Africalia Editions &amp; Stichting Kunstboek 2014 Ce livre t\u00e9moigne d\u2019une aventure humaine, celle du photographe Julius Mwelu, un Kenyan dou\u00e9 et g\u00e9n\u00e9reux qui est n\u00e9 et a surv\u00e9cu dans la vall\u00e9e de Mathare. Cette partie de Nairobi est un des immenses slums qui fait de la capitale kenyane un scandale social [&hellip;]<\/p>\n","protected":false},"featured_media":13299,"comment_status":"closed","ping_status":"closed","template":"","meta":{"_acf_changed":false,"_seopress_robots_primary_cat":"","_seopress_titles_title":"","_seopress_titles_desc":"","_seopress_robots_index":""},"product_brand":[],"product_cat":[1036],"product_tag":[],"class_list":{"0":"post-13301","1":"product","2":"type-product","3":"status-publish","4":"has-post-thumbnail","6":"product_cat-livres-photo","8":"first","9":"instock","10":"shipping-taxable","11":"purchasable","12":"product-type-simple"},"acf":[],"_links":{"self":[{"href":"https:\/\/africalia.be\/en\/wp-json\/wp\/v2\/product\/13301","targetHints":{"allow":["GET"]}}],"collection":[{"href":"https:\/\/africalia.be\/en\/wp-json\/wp\/v2\/product"}],"about":[{"href":"https:\/\/africalia.be\/en\/wp-json\/wp\/v2\/types\/product"}],"replies":[{"embeddable":true,"href":"https:\/\/africalia.be\/en\/wp-json\/wp\/v2\/comments?post=13301"}],"version-history":[{"count":0,"href":"https:\/\/africalia.be\/en\/wp-json\/wp\/v2\/product\/13301\/revisions"}],"wp:featuredmedia":[{"embeddable":true,"href":"https:\/\/africalia.be\/en\/wp-json\/wp\/v2\/media\/13299"}],"wp:attachment":[{"href":"https:\/\/africalia.be\/en\/wp-json\/wp\/v2\/media?parent=13301"}],"wp:term":[{"taxonomy":"product_brand","embeddable":true,"href":"https:\/\/africalia.be\/en\/wp-json\/wp\/v2\/product_brand?post=13301"},{"taxonomy":"product_cat","embeddable":true,"href":"https:\/\/africalia.be\/en\/wp-json\/wp\/v2\/product_cat?post=13301"},{"taxonomy":"product_tag","embeddable":true,"href":"https:\/\/africalia.be\/en\/wp-json\/wp\/v2\/product_tag?post=13301"}],"curies":[{"name":"wp","href":"https:\/\/api.w.org\/{rel}","templated":true}]}}