{"id":13260,"date":"2023-12-04T16:35:20","date_gmt":"2023-12-04T15:35:20","guid":{"rendered":"https:\/\/africalia.be\/theatre-congolais-contemporain\/"},"modified":"2023-12-13T23:33:38","modified_gmt":"2023-12-13T22:33:38","slug":"contemporary-congolese-theatre","status":"publish","type":"product","link":"https:\/\/africalia.be\/en\/produit\/theatre-congolais-contemporain\/","title":{"rendered":"Contemporary Congolese theatre"},"content":{"rendered":"<figure class=\"wp-block-image alignleft is-resized size-full wp-image-13259\"><img fetchpriority=\"high\" decoding=\"async\" width=\"800\" height=\"1138\" src=\"https:\/\/africalia.be\/wp-content\/uploads\/2014\/04\/congolais-theatre_res-jpg.webp\" alt=\"cover_livre_theatre_congolais_contemporain\" class=\"wp-image-13259\" style=\"width:300px\" srcset=\"https:\/\/africalia.be\/wp-content\/uploads\/2014\/04\/congolais-theatre_res-jpg.webp 800w, https:\/\/africalia.be\/wp-content\/uploads\/2014\/04\/congolais-theatre_res-211x300.webp 211w, https:\/\/africalia.be\/wp-content\/uploads\/2014\/04\/congolais-theatre_res-720x1024.webp 720w, https:\/\/africalia.be\/wp-content\/uploads\/2014\/04\/congolais-theatre_res-768x1092.webp 768w\" sizes=\"(max-width: 800px) 100vw, 800px\" \/><figcaption class=\"wp-element-caption\">cover_livre_theatre_congolais_contemporain<\/figcaption><\/figure>\n\n\n\n<p><strong>This book includes three plays by authors from the Democratic Republic of Congo:<\/strong><\/p>\n\n\n\n<p>- Einsteinnette (David-Minor Ilunga)<br>- Control tower (C\u00e9lestin Kasongo)<br>- Prisoners of Ekafela (Jonathan Kombe)<\/p>\n\n\n\n<p>With this book, Africalia, the <a href=\"https:\/\/africalia.be\/en\/authors-tarmac\/\"><strong>Tarmac des Auteurs<\/strong><\/a> and Lansman Editeur hope to contribute to the emergence of young, talented Congolese playwrights.<br>With the support of Africalia, the Tarmac des Auteurs in Kinshasa is developing a breeding ground for new generations of playwrights. By encouraging (young) playwrights to take the plunge, but also by inviting an impressive series of qualified speakers to encourage them to reflect on the specific nature of playwriting, on problems of content and form, on language, and so on.<\/p>\n\n\n\n<p>These three plays should be a first step in enriching the DRC's theatrical repertoire, giving the country's many troupes new ways to perform. But of course the ambition is also to have these new plays discovered beyond the country's borders, with, who knows, the key to multiple divergent creations in the four corners of the French-speaking world.<\/p>\n\n\n\n<p>Congolese theatre never ceases to exist, it is part of the daily life of the people of Kin, Lushois, Matadiens, Boyomais, Bukaviens, Mbandakais... It lives in the neighbourhoods, sometimes feeding on humour and cynicism to better express the daily life of the populations of which it is most often the sharp reflection.<\/p>\n\n\n\n<h3 class=\"wp-block-heading\">The authors<\/h3>\n\n\n\n<p><strong>David-Minor Ilunga<\/strong>Born in Kinshasa on 17 September 1986. He developed a passion for the spoken word as a child. In 2003 he began his adventure with the theatre. Shortly after a brief stint as an actor, he revealed himself to be an author who would attract the attention of the Tarmac des Auteurs, of which he is currently a member.<\/p>\n\n\n\n<p><strong>C\u00e9lestin Kasongo<\/strong>Born on 1 November 1969 in Kolwezi. A theatre actor and writer, he runs an amateur theatre company in Lubumbashi and teaches chemistry. He has written several plays.<\/p>\n\n\n\n<p><strong>Jonathan Kombe<\/strong>born in Kisangani, is an actor, author, scriptwriter and lyricist. He began writing in 2006 at the Tarmac des Auteurs. He is also a human rights activist.<\/p>\n\n\n\n<h3 class=\"wp-block-heading\">Buy the book<\/h3>\n\n\n\n<p>Price: \u20ac13.00<\/p>\n\n\n\n<p><strong>Lansman Editeur. The publication of this book was supported by Africalia.<\/strong><\/p>","protected":false},"excerpt":{"rendered":"<p>Cet ouvrage comprend trois pi\u00e8ces d\u2019auteurs de la R\u00e9publique D\u00e9mocratique du Congo: &#8211; Einsteinnette (David-Minor Ilunga)&#8211; Tour de contr\u00f4le (C\u00e9lestin Kasongo)&#8211; Prisonnires d\u2019Ekafela (Jonathan Kombe) Avec cet ouvrage, Africalia, le Tarmac des Auteurs et Lansman Editeur esp\u00e8rent contribuer \u00e0 l\u2019\u00e9mergence de jeunes et talentueux dramaturges congolais.Avec le soutien d\u2019Africalia, le Tarmac des Auteurs de Kinshasa [&hellip;]<\/p>\n","protected":false},"featured_media":13258,"comment_status":"closed","ping_status":"closed","template":"","meta":{"_acf_changed":false,"_seopress_robots_primary_cat":"","_seopress_titles_title":"","_seopress_titles_desc":"","_seopress_robots_index":""},"product_brand":[],"product_cat":[1040],"product_tag":[],"class_list":{"0":"post-13260","1":"product","2":"type-product","3":"status-publish","4":"has-post-thumbnail","6":"product_cat-autres-publications","8":"first","9":"instock","10":"shipping-taxable","11":"purchasable","12":"product-type-simple"},"acf":[],"_links":{"self":[{"href":"https:\/\/africalia.be\/en\/wp-json\/wp\/v2\/product\/13260","targetHints":{"allow":["GET"]}}],"collection":[{"href":"https:\/\/africalia.be\/en\/wp-json\/wp\/v2\/product"}],"about":[{"href":"https:\/\/africalia.be\/en\/wp-json\/wp\/v2\/types\/product"}],"replies":[{"embeddable":true,"href":"https:\/\/africalia.be\/en\/wp-json\/wp\/v2\/comments?post=13260"}],"version-history":[{"count":0,"href":"https:\/\/africalia.be\/en\/wp-json\/wp\/v2\/product\/13260\/revisions"}],"wp:featuredmedia":[{"embeddable":true,"href":"https:\/\/africalia.be\/en\/wp-json\/wp\/v2\/media\/13258"}],"wp:attachment":[{"href":"https:\/\/africalia.be\/en\/wp-json\/wp\/v2\/media?parent=13260"}],"wp:term":[{"taxonomy":"product_brand","embeddable":true,"href":"https:\/\/africalia.be\/en\/wp-json\/wp\/v2\/product_brand?post=13260"},{"taxonomy":"product_cat","embeddable":true,"href":"https:\/\/africalia.be\/en\/wp-json\/wp\/v2\/product_cat?post=13260"},{"taxonomy":"product_tag","embeddable":true,"href":"https:\/\/africalia.be\/en\/wp-json\/wp\/v2\/product_tag?post=13260"}],"curies":[{"name":"wp","href":"https:\/\/api.w.org\/{rel}","templated":true}]}}