{"id":13250,"date":"2023-12-03T16:31:24","date_gmt":"2023-12-03T15:31:24","guid":{"rendered":"https:\/\/africalia.be\/comprendre-et-pratiquer-la-sonorisation-de-spectacle\/"},"modified":"2023-12-13T23:34:07","modified_gmt":"2023-12-13T22:34:07","slug":"understanding-and-using-live-sound","status":"publish","type":"product","link":"https:\/\/africalia.be\/en\/produit\/comprendre-et-pratiquer-la-sonorisation-de-spectacle\/","title":{"rendered":"Understanding and using live sound II"},"content":{"rendered":"<figure class=\"wp-block-image alignleft is-resized wp-image-13249\"><img fetchpriority=\"high\" decoding=\"async\" width=\"1813\" height=\"2560\" src=\"https:\/\/africalia.be\/wp-content\/uploads\/2014\/04\/sonorisation_de_spectacle_ii-scaled.webp\" alt=\"understanding_and_practising_theatre_auditing_2\" class=\"wp-image-13249\" style=\"width:300px\" srcset=\"https:\/\/africalia.be\/wp-content\/uploads\/2014\/04\/sonorisation_de_spectacle_ii-scaled.webp 1813w, https:\/\/africalia.be\/wp-content\/uploads\/2014\/04\/sonorisation_de_spectacle_ii-scaled-212x300.webp 212w, https:\/\/africalia.be\/wp-content\/uploads\/2014\/04\/sonorisation_de_spectacle_ii-scaled-725x1024.webp 725w, https:\/\/africalia.be\/wp-content\/uploads\/2014\/04\/sonorisation_de_spectacle_ii-scaled-768x1084.webp 768w, https:\/\/africalia.be\/wp-content\/uploads\/2014\/04\/sonorisation_de_spectacle_ii-scaled-1088x1536.webp 1088w, https:\/\/africalia.be\/wp-content\/uploads\/2014\/04\/sonorisation_de_spectacle_ii-scaled-1450x2048.webp 1450w, https:\/\/africalia.be\/wp-content\/uploads\/2014\/04\/sonorisation_de_spectacle_ii-scaled-8x12.webp 8w\" sizes=\"(max-width: 1813px) 100vw, 1813px\" \/><figcaption class=\"wp-element-caption\">understanding_and_practising_theatre_auditing_2<\/figcaption><\/figure>\n\n\n\n<h4 class=\"wp-block-heading\">By Saintrick Mayitoukou<\/h4>\n\n\n\n<h4 class=\"wp-block-heading\">Editions Africalia &amp; Zhu Culture<\/h4>\n\n\n\n<hr class=\"wp-block-separator has-alpha-channel-opacity\" \/>\n\n\n\n<p>\"<em>Writing a manual on sound engineering is no mean feat, and many have attempted it. Finding a style that is both comprehensible and universal, and of a high technical quality, is a tour de force that Saintrick Mayitoukou has achieved with his book<\/em>. \"<\/p>\n\n\n\n<p>Comprendre et pratiquer la sonorisation de spectacle is an educational, practical and technical 264-page book, lavishly illustrated, which clearly explains to sound technicians and engineers, amateurs and students in the sector, as well as musicians, everything there is to know about microphones, cables, mixing consoles, signal processing, loudspeakers and speakers, right up to the innovative technology of the Line Array.<br>The careful presentation of the data makes it easy and enjoyable to read. A glossary and other appendices complete the edition.<\/p>\n\n\n\n<p><strong>The author<\/strong><\/p>\n\n\n\n<p>Saintrick Mayitoukou is a musician, sound engineer and trainer with 20 years' experience working with some of the biggest names in show business. He has attended numerous training courses, notably with Marc Berthoumieux, Mark Malherbes and Jean-Marc Pinault.<br>The show's sound system benefited from the expertise of accomplished Belgian professionals: Jean Luc Ongena, Philippe Dineur and Mirko Popovitch.<\/p>\n\n\n\n<p><strong>The co-publishers<\/strong><\/p>\n\n\n\n<p>Africalia Asbl (Brussels) was created on the initiative of the Belgian State Secretariat for Cooperation and Development. It works for sustainable human development by supporting contemporary African artistic and cultural creations.<\/p>\n\n\n\n<p>Zhu Culture (Dakar) is an artistic and cultural agency whose activities range from record production to show distribution, training, cultural expertise and event management. It provides its expertise in several countries, helping to professionalise the players involved and create a real economy for African culture.<\/p>\n\n\n\n<p><strong>Buy the book<\/strong><\/p>\n\n\n\n<p>Price: \u20ac21.00<\/p>\n\n\n\n<p><strong>Technical data<\/strong><\/p>\n\n\n\n<p>Language : French<br>Format: 170 x 240 mm<br>Number of pages: 264<br>Four-colour process<br>More than 100 illustrations<br>ISBN: 978-29-6015-672-0<\/p>","protected":false},"excerpt":{"rendered":"<p>Par Saintrick Mayitoukou Editions Africalia &amp; Zhu Culture \u00abEcrire un manuel sur la sonorisation n\u2019est pas une mince affaire, bon nombre s\u2019y sont risqu\u00e9 et trouver une \u00e9criture \u00e0 la fois compr\u00e9hensible, universelle et de qualit\u00e9 technique constitue un tour de force que Saintrick Mayitoukou r\u00e9alise avec son ouvrage. \u00bb Comprendre et pratiquer la sonorisation [&hellip;]<\/p>\n","protected":false},"featured_media":13248,"comment_status":"closed","ping_status":"closed","template":"","meta":{"_acf_changed":false,"_seopress_robots_primary_cat":"","_seopress_titles_title":"","_seopress_titles_desc":"","_seopress_robots_index":""},"product_brand":[],"product_cat":[1040],"product_tag":[],"class_list":{"0":"post-13250","1":"product","2":"type-product","3":"status-publish","4":"has-post-thumbnail","6":"product_cat-autres-publications","8":"first","9":"instock","10":"shipping-taxable","11":"purchasable","12":"product-type-simple"},"acf":[],"_links":{"self":[{"href":"https:\/\/africalia.be\/en\/wp-json\/wp\/v2\/product\/13250","targetHints":{"allow":["GET"]}}],"collection":[{"href":"https:\/\/africalia.be\/en\/wp-json\/wp\/v2\/product"}],"about":[{"href":"https:\/\/africalia.be\/en\/wp-json\/wp\/v2\/types\/product"}],"replies":[{"embeddable":true,"href":"https:\/\/africalia.be\/en\/wp-json\/wp\/v2\/comments?post=13250"}],"version-history":[{"count":0,"href":"https:\/\/africalia.be\/en\/wp-json\/wp\/v2\/product\/13250\/revisions"}],"wp:featuredmedia":[{"embeddable":true,"href":"https:\/\/africalia.be\/en\/wp-json\/wp\/v2\/media\/13248"}],"wp:attachment":[{"href":"https:\/\/africalia.be\/en\/wp-json\/wp\/v2\/media?parent=13250"}],"wp:term":[{"taxonomy":"product_brand","embeddable":true,"href":"https:\/\/africalia.be\/en\/wp-json\/wp\/v2\/product_brand?post=13250"},{"taxonomy":"product_cat","embeddable":true,"href":"https:\/\/africalia.be\/en\/wp-json\/wp\/v2\/product_cat?post=13250"},{"taxonomy":"product_tag","embeddable":true,"href":"https:\/\/africalia.be\/en\/wp-json\/wp\/v2\/product_tag?post=13250"}],"curies":[{"name":"wp","href":"https:\/\/api.w.org\/{rel}","templated":true}]}}