{"id":13215,"date":"2018-04-02T15:06:42","date_gmt":"2018-04-02T15:06:42","guid":{"rendered":"https:\/\/africalia.be\/yande-codou-la-griotte-de-senghor\/"},"modified":"2023-12-13T10:19:07","modified_gmt":"2023-12-13T10:19:07","slug":"yande-codou-the-griotte-of-senghor","status":"publish","type":"product","link":"https:\/\/africalia.be\/en\/produit\/yande-codou-la-griotte-de-senghor\/","title":{"rendered":"Yand\u00e9 Codou, Senghor's griot"},"content":{"rendered":"\n<figure class=\"wp-block-embed is-type-video is-provider-youtube wp-block-embed-youtube wp-embed-aspect-4-3 wp-has-aspect-ratio\"><div class=\"wp-block-embed__wrapper\">\n<iframe title=\"Trailer &quot;Yand\u00e9 Codou, la griotte de Senghor&quot; - Africalia Productions [DoKu]\" width=\"800\" height=\"600\" src=\"https:\/\/www.youtube.com\/embed\/z00yHd4mpxs?feature=oembed\" frameborder=\"0\" allow=\"accelerometer; autoplay; clipboard-write; encrypted-media; gyroscope; picture-in-picture; web-share\" allowfullscreen><\/iframe>\n<\/div><\/figure>\n\n\n<p>&nbsp;<\/p>\n<figure id=\"attachment_13214\" aria-describedby=\"caption-attachment-13214\" style=\"width: 787px\" class=\"wp-caption alignnone\"><img fetchpriority=\"high\" decoding=\"async\" class=\"wp-image-13214 size-full\" title=\"cover_dvd_Yande-codou_senegal\" src=\"https:\/\/africalia.be\/wp-content\/uploads\/2014\/04\/yande_codou_def-787x1113-jpg.webp\" alt=\"cover_dvd_Yande-codou_senega\" width=\"787\" height=\"1113\" align=\"insert|left|taille=grand\" srcset=\"https:\/\/africalia.be\/wp-content\/uploads\/2014\/04\/yande_codou_def-787x1113-jpg.webp 787w, https:\/\/africalia.be\/wp-content\/uploads\/2014\/04\/yande_codou_def-787x1113-212x300.webp 212w, https:\/\/africalia.be\/wp-content\/uploads\/2014\/04\/yande_codou_def-787x1113-724x1024.webp 724w, https:\/\/africalia.be\/wp-content\/uploads\/2014\/04\/yande_codou_def-787x1113-768x1086.webp 768w\" sizes=\"(max-width: 787px) 100vw, 787px\" \/><figcaption id=\"caption-attachment-13214\" class=\"wp-caption-text\">cover_dvd_Yande-codou_senegal<\/figcaption><\/figure>\n<p>La cantatrice Yande Codou S\u00e8ne \u00e9tait un des derniers mohicans de la po\u00e9sie polyphonique s\u00e9r\u00e8re. \u00ab Yand\u00e9 Codou, la griotte de Senghor \u00bb porte un regard intime sur une Diva qui a travers\u00e9 l\u2019histoire du S\u00e9n\u00e9gal au cot\u00e9 de l\u2019un de ses plus grands mythes, le Pr\u00e9sident po\u00e8te L\u00e9opold S\u00e9dar Senghor. Une histoire douce et am\u00e8re sur la grandeur, la gloire et le d\u00e9clin.<\/p>\n<p><strong>Collection Africalia Productions [Doku]<\/strong><\/p>\n<hr \/>\n<p><strong>Pr\u00e9sentation de la r\u00e9alisatrice Ang\u00e8le Diabang<\/strong><\/p>\n<p>N\u00e9e au S\u00e9n\u00e9gal en 1979 et form\u00e9e au M\u00e9dia Centre de Dakar, ainsi qu\u2019\u00e0 la F\u00e9mis de Paris, Ang\u00e8le Diabang a travaill\u00e9 comme monteuse pour plusieurs productions avant de r\u00e9aliser en 2005 son premier film \u00ab Mon beau sourire \u00bb consacr\u00e9 \u00e0 une tradition f\u00e9minine ouest africaine, le tatouage des gencives. Elle a depuis particip\u00e9 \u00e0 de nombreux ateliers internationaux d\u2019\u00e9criture et de r\u00e9alisation, dont Eurodoc.<br \/>S\u2019int\u00e9ressant particuli\u00e8rement aux questions de transmission et de traditions, elle cr\u00e9e en 2006 la soci\u00e9t\u00e9 de production Karoninka pour avoir, dit-elle, la libert\u00e9 de choisir les univers qu\u2019elle veut explorer.<\/p>\n<p><strong>Acheter le DVD<\/strong><\/p>\n<p>Prix : 16,00 \u20ac<\/p>\n<p><strong>Donn\u00e9es techniques<\/strong><\/p>\n<p>Dur\u00e9e : 52\u2019 \/ Langues : Fran\u00e7ais-Wolof \/ Sous-titres : N\u00e9erlandais-Anglais-Espagnol \/ Ann\u00e9e de production : 2011 \/ Productrice : Ang\u00e8le Diabang \/ Coproducteurs : Karoninka-Africalia \/ R\u00e9alisation : Ang\u00e8le Diabang \/ Sc\u00e9nario : Ang\u00e8le Diabang \/ Cam\u00e9ras : Florient Boucher-Fabacary Assymby Coly \/ Montage : Yannik Leroy \/ Son : Mouhamet Thior \/ Mixage : Damien Defays \/ Musiques : \u00a9 Yand\u00e9 Codou S\u00e8ne, \u00a9 Wasis Diop, \u00a9 Youssou N\u2019Dour Documentary \/ Voix du documentaire : Ang\u00e8le Diabang<\/p>\n<div id='gallery-1' class='gallery galleryid-13215 gallery-columns-3 gallery-size-thumbnail'><figure class='gallery-item'>\n\t\t\t<div class='gallery-icon portrait'>\n\t\t\t\t<a href='https:\/\/africalia.be\/wp-content\/uploads\/2018\/08\/yande_codou_def-787x1113-jpg.webp'><img decoding=\"async\" width=\"150\" height=\"150\" src=\"https:\/\/africalia.be\/wp-content\/uploads\/2018\/08\/yande_codou_def-787x1113-150x150.webp\" class=\"attachment-thumbnail size-thumbnail\" alt=\"cover_dvd_Yande-codou_senegal\" aria-describedby=\"gallery-1-13216\" \/><\/a>\n\t\t\t<\/div>\n\t\t\t\t<figcaption class='wp-caption-text gallery-caption' id='gallery-1-13216'>\n\t\t\t\tcover_dvd_Yande-codou_senegal\n\t\t\t\t<\/figcaption><\/figure>\n\t\t<\/div>\n","protected":false},"excerpt":{"rendered":"<p>&nbsp; La cantatrice Yande Codou S\u00e8ne \u00e9tait un des derniers mohicans de la po\u00e9sie polyphonique s\u00e9r\u00e8re. \u00ab Yand\u00e9 Codou, la griotte de Senghor \u00bb porte un regard intime sur une Diva qui a travers\u00e9 l\u2019histoire du S\u00e9n\u00e9gal au cot\u00e9 de l\u2019un de ses plus grands mythes, le Pr\u00e9sident po\u00e8te L\u00e9opold S\u00e9dar Senghor. Une histoire douce [&hellip;]<\/p>\n","protected":false},"featured_media":13213,"comment_status":"closed","ping_status":"closed","template":"","meta":{"_acf_changed":false,"_seopress_robots_primary_cat":"","_seopress_titles_title":"","_seopress_titles_desc":"","_seopress_robots_index":""},"product_brand":[],"product_cat":[1037],"product_tag":[],"class_list":{"0":"post-13215","1":"product","2":"type-product","3":"status-publish","4":"has-post-thumbnail","6":"product_cat-documentaires","8":"first","9":"instock","10":"shipping-taxable","11":"purchasable","12":"product-type-simple"},"acf":[],"_links":{"self":[{"href":"https:\/\/africalia.be\/en\/wp-json\/wp\/v2\/product\/13215","targetHints":{"allow":["GET"]}}],"collection":[{"href":"https:\/\/africalia.be\/en\/wp-json\/wp\/v2\/product"}],"about":[{"href":"https:\/\/africalia.be\/en\/wp-json\/wp\/v2\/types\/product"}],"replies":[{"embeddable":true,"href":"https:\/\/africalia.be\/en\/wp-json\/wp\/v2\/comments?post=13215"}],"version-history":[{"count":0,"href":"https:\/\/africalia.be\/en\/wp-json\/wp\/v2\/product\/13215\/revisions"}],"wp:featuredmedia":[{"embeddable":true,"href":"https:\/\/africalia.be\/en\/wp-json\/wp\/v2\/media\/13213"}],"wp:attachment":[{"href":"https:\/\/africalia.be\/en\/wp-json\/wp\/v2\/media?parent=13215"}],"wp:term":[{"taxonomy":"product_brand","embeddable":true,"href":"https:\/\/africalia.be\/en\/wp-json\/wp\/v2\/product_brand?post=13215"},{"taxonomy":"product_cat","embeddable":true,"href":"https:\/\/africalia.be\/en\/wp-json\/wp\/v2\/product_cat?post=13215"},{"taxonomy":"product_tag","embeddable":true,"href":"https:\/\/africalia.be\/en\/wp-json\/wp\/v2\/product_tag?post=13215"}],"curies":[{"name":"wp","href":"https:\/\/api.w.org\/{rel}","templated":true}]}}