{"id":21283,"date":"2025-10-06T13:52:53","date_gmt":"2025-10-06T11:52:53","guid":{"rendered":"https:\/\/africalia.be\/?page_id=21283"},"modified":"2025-10-06T13:58:30","modified_gmt":"2025-10-06T11:58:30","slug":"evaluation-reports","status":"publish","type":"page","link":"https:\/\/africalia.be\/en\/rapports-devaluation\/","title":{"rendered":"Evaluation reports"},"content":{"rendered":"<div data-elementor-type=\"wp-page\" data-elementor-id=\"21283\" class=\"elementor elementor-21283\" data-elementor-post-type=\"page\">\n\t\t\t\t<div class=\"elementor-element elementor-element-dfb3f5c e-flex e-con-boxed e-con e-parent\" data-id=\"dfb3f5c\" data-element_type=\"container\" data-e-type=\"container\">\n\t\t\t\t\t<div class=\"e-con-inner\">\n\t\t\t\t<div class=\"elementor-element elementor-element-c703745 elementor-widget elementor-widget-spacer\" data-id=\"c703745\" data-element_type=\"widget\" data-e-type=\"widget\" data-widget_type=\"spacer.default\">\n\t\t\t\t\t\t\t<div class=\"elementor-spacer\">\n\t\t\t<div class=\"elementor-spacer-inner\"><\/div>\n\t\t<\/div>\n\t\t\t\t\t\t<\/div>\n\t\t\t\t\t<\/div>\n\t\t\t\t<\/div>\n\t\t<div class=\"elementor-element elementor-element-c6ffc38 e-flex e-con-boxed e-con e-parent\" data-id=\"c6ffc38\" data-element_type=\"container\" data-e-type=\"container\" data-settings=\"{&quot;background_background&quot;:&quot;classic&quot;}\">\n\t\t\t\t\t<div class=\"e-con-inner\">\n\t\t\t\t<div data-dce-title-color=\"#FACA1A\" class=\"elementor-element elementor-element-819e910 elementor-widget elementor-widget-heading\" data-id=\"819e910\" data-element_type=\"widget\" data-e-type=\"widget\" data-widget_type=\"heading.default\">\n\t\t\t\t\t<h2 class=\"elementor-heading-title elementor-size-default\">Evaluation reports<\/h2>\t\t\t\t<\/div>\n\t\t\t\t\t<\/div>\n\t\t\t\t<\/div>\n\t\t<div class=\"elementor-element elementor-element-169e545 e-flex e-con-boxed e-con e-parent\" data-id=\"169e545\" data-element_type=\"container\" data-e-type=\"container\" data-settings=\"{&quot;background_background&quot;:&quot;classic&quot;}\">\n\t\t\t\t\t<div class=\"e-con-inner\">\n\t\t\t\t<div class=\"elementor-element elementor-element-d333cf7 elementor-widget elementor-widget-spacer\" data-id=\"d333cf7\" data-element_type=\"widget\" data-e-type=\"widget\" data-widget_type=\"spacer.default\">\n\t\t\t\t\t\t\t<div class=\"elementor-spacer\">\n\t\t\t<div class=\"elementor-spacer-inner\"><\/div>\n\t\t<\/div>\n\t\t\t\t\t\t<\/div>\n\t\t\t\t<div class=\"elementor-element elementor-element-20f9fdc elementor-widget elementor-widget-text-editor\" data-id=\"20f9fdc\" data-element_type=\"widget\" data-e-type=\"widget\" data-widget_type=\"text-editor.default\">\n\t\t\t\t\t\t\t\t\t<p>At Africalia, we are committed to the continuous monitoring and improvement of our programs and management. To this end, we conduct evaluations both during and after the completion of our multi-year programs.<\/p><p>For each country where we operate, you can find below the executive summaries of the mid-term and end-of-term evaluations that took place for the latest programs, as well as the managerial responses. For more information or to view the full evaluation reports, please contact us at <a href=\"mailto:africalia@africalia.be\">africalia@africalia.be<\/a>.<\/p>\t\t\t\t\t\t\t\t<\/div>\n\t\t\t\t\t<\/div>\n\t\t\t\t<\/div>\n\t\t<div class=\"elementor-element elementor-element-662f5be e-flex e-con-boxed e-con e-parent\" data-id=\"662f5be\" data-element_type=\"container\" data-e-type=\"container\">\n\t\t\t\t\t<div class=\"e-con-inner\">\n\t\t\t\t<div data-dce-title-color=\"#FFFFFF\" class=\"elementor-element elementor-element-3d0203d elementor-widget elementor-widget-heading\" data-id=\"3d0203d\" data-element_type=\"widget\" data-e-type=\"widget\" data-widget_type=\"heading.default\">\n\t\t\t\t\t<h2 class=\"elementor-heading-title elementor-size-default\">Belgium<\/h2>\t\t\t\t<\/div>\n\t\t\t\t<div class=\"elementor-element elementor-element-51f9c01 elementor-widget elementor-widget-text-editor\" data-id=\"51f9c01\" data-element_type=\"widget\" data-e-type=\"widget\" data-widget_type=\"text-editor.default\">\n\t\t\t\t\t\t\t\t\t<ul><li><a href=\"https:\/\/africalia.be\/wp-content\/uploads\/2025\/07\/BEL_rappmiparcours_2017-2021_exsum.pdf\">Mid-term evaluation 2017-2021<\/a><\/li><li><a href=\"https:\/\/africalia.be\/wp-content\/uploads\/2025\/07\/BEL_rappfin_2017-2021_exsum.pdf\">Final evaluation 2017-2021<\/a><\/li><li><a href=\"https:\/\/africalia.be\/wp-content\/uploads\/2025\/07\/BEL_repman_2017-2021.pdf\">Managerial response 2017-2021<\/a><\/li><li><a href=\"https:\/\/africalia.be\/wp-content\/uploads\/2025\/07\/BEL_rappmiparcours_2022-2026.pdf\">Mid-term evaluation 2022-2026<\/a><\/li><\/ul>\t\t\t\t\t\t\t\t<\/div>\n\t\t\t\t<div data-dce-title-color=\"#FFFFFF\" class=\"elementor-element elementor-element-f485473 elementor-widget elementor-widget-heading\" data-id=\"f485473\" data-element_type=\"widget\" data-e-type=\"widget\" data-widget_type=\"heading.default\">\n\t\t\t\t\t<h2 class=\"elementor-heading-title elementor-size-default\">Burkina Faso<\/h2>\t\t\t\t<\/div>\n\t\t\t\t<div class=\"elementor-element elementor-element-560d53e elementor-widget elementor-widget-text-editor\" data-id=\"560d53e\" data-element_type=\"widget\" data-e-type=\"widget\" data-widget_type=\"text-editor.default\">\n\t\t\t\t\t\t\t\t\t<ul><li><a href=\"https:\/\/africalia.be\/wp-content\/uploads\/2025\/07\/BF_rappfin_2017-2021_exsum.pdf\">Final evaluation 2017-2021<\/a><\/li><li><a href=\"https:\/\/africalia.be\/wp-content\/uploads\/2025\/07\/BF_repman_2017-2021.pdf\">Managerial response 2017-2021<\/a><\/li><li><a href=\"https:\/\/africalia.be\/wp-content\/uploads\/2025\/07\/BF_rapmiparcours_2022-2026_exsum.pdf\">Mid-term evaluation 2022-2026<\/a><\/li><\/ul>\t\t\t\t\t\t\t\t<\/div>\n\t\t\t\t<div data-dce-title-color=\"#FFFFFF\" class=\"elementor-element elementor-element-c3ea7ac elementor-widget elementor-widget-heading\" data-id=\"c3ea7ac\" data-element_type=\"widget\" data-e-type=\"widget\" data-widget_type=\"heading.default\">\n\t\t\t\t\t<h2 class=\"elementor-heading-title elementor-size-default\">Kenya<\/h2>\t\t\t\t<\/div>\n\t\t\t\t<div class=\"elementor-element elementor-element-a53d6c6 elementor-widget elementor-widget-text-editor\" data-id=\"a53d6c6\" data-element_type=\"widget\" data-e-type=\"widget\" data-widget_type=\"text-editor.default\">\n\t\t\t\t\t\t\t\t\t<ul><li><a href=\"https:\/\/africalia.be\/wp-content\/uploads\/2025\/07\/KEN_rappfin_2017-2021_exsum.pdf\">Final evaluation 2017-2021<\/a><\/li><li><a href=\"https:\/\/africalia.be\/wp-content\/uploads\/2025\/07\/KEN_repman_2017-2021.pdf\">Managerial response 2017-2021<\/a><\/li><li><a href=\"https:\/\/africalia.be\/wp-content\/uploads\/2025\/07\/KEN_rappmiparcours_2022-2026_exsum.pdf\">Mid-term evaluation 2022-2026<\/a><\/li><\/ul>\t\t\t\t\t\t\t\t<\/div>\n\t\t\t\t<div data-dce-title-color=\"#FFFFFF\" class=\"elementor-element elementor-element-047200c elementor-widget elementor-widget-heading\" data-id=\"047200c\" data-element_type=\"widget\" data-e-type=\"widget\" data-widget_type=\"heading.default\">\n\t\t\t\t\t<h2 class=\"elementor-heading-title elementor-size-default\">Uganda<\/h2>\t\t\t\t<\/div>\n\t\t\t\t<div class=\"elementor-element elementor-element-b2a0962 elementor-widget elementor-widget-text-editor\" data-id=\"b2a0962\" data-element_type=\"widget\" data-e-type=\"widget\" data-widget_type=\"text-editor.default\">\n\t\t\t\t\t\t\t\t\t<ul><li><a href=\"https:\/\/africalia.be\/wp-content\/uploads\/2025\/07\/OUG_rappmiparcours_2017-2021_exsum.pdf\">Mid-term evaluation 2017-2021<\/a><\/li><li><a href=\"https:\/\/africalia.be\/wp-content\/uploads\/2025\/07\/OUG_repman_2017-2021.pdf\">Managerial response 2017-2021<\/a><\/li><\/ul>\t\t\t\t\t\t\t\t<\/div>\n\t\t\t\t<div data-dce-title-color=\"#FFFFFF\" class=\"elementor-element elementor-element-6cddf9b elementor-widget elementor-widget-heading\" data-id=\"6cddf9b\" data-element_type=\"widget\" data-e-type=\"widget\" data-widget_type=\"heading.default\">\n\t\t\t\t\t<h2 class=\"elementor-heading-title elementor-size-default\">DRC<\/h2>\t\t\t\t<\/div>\n\t\t\t\t<div class=\"elementor-element elementor-element-cbb7cc2 elementor-widget elementor-widget-text-editor\" data-id=\"cbb7cc2\" data-element_type=\"widget\" data-e-type=\"widget\" data-widget_type=\"text-editor.default\">\n\t\t\t\t\t\t\t\t\t<ul><li><a href=\"https:\/\/africalia.be\/wp-content\/uploads\/2025\/07\/RDC_rappmiparcours_2017-2021_exsum.pdf\">Mid-term evaluation 2017-2021<\/a><\/li><li><a href=\"https:\/\/africalia.be\/wp-content\/uploads\/2025\/07\/RDC_rappfin_2017-2021_exsum.pdf\">Final evaluation 2017-2021<\/a><\/li><li><a href=\"https:\/\/africalia.be\/wp-content\/uploads\/2025\/07\/RDC_repman_2017-2021.pdf\">Managerial response 2017-2021<\/a><\/li><li><a href=\"https:\/\/africalia.be\/wp-content\/uploads\/2025\/07\/RDC_rappmiparcours_2022-2026_exsum.pdf\">Mid-term evaluation 2022-2026<\/a><\/li><\/ul>\t\t\t\t\t\t\t\t<\/div>\n\t\t\t\t<div data-dce-title-color=\"#FFFFFF\" class=\"elementor-element elementor-element-240b610 elementor-widget elementor-widget-heading\" data-id=\"240b610\" data-element_type=\"widget\" data-e-type=\"widget\" data-widget_type=\"heading.default\">\n\t\t\t\t\t<h2 class=\"elementor-heading-title elementor-size-default\">Rwanda<\/h2>\t\t\t\t<\/div>\n\t\t\t\t<div class=\"elementor-element elementor-element-0470c3d elementor-widget elementor-widget-text-editor\" data-id=\"0470c3d\" data-element_type=\"widget\" data-e-type=\"widget\" data-widget_type=\"text-editor.default\">\n\t\t\t\t\t\t\t\t\t<ul><li><a href=\"https:\/\/africalia.be\/wp-content\/uploads\/2025\/07\/RW_rappfin_2017-2021_exsum.pdf\">Final evaluation 2017-2021<\/a><\/li><\/ul>\t\t\t\t\t\t\t\t<\/div>\n\t\t\t\t<div data-dce-title-color=\"#FFFFFF\" class=\"elementor-element elementor-element-c1b94fc elementor-widget elementor-widget-heading\" data-id=\"c1b94fc\" data-element_type=\"widget\" data-e-type=\"widget\" data-widget_type=\"heading.default\">\n\t\t\t\t\t<h2 class=\"elementor-heading-title elementor-size-default\">Senegal<\/h2>\t\t\t\t<\/div>\n\t\t\t\t<div class=\"elementor-element elementor-element-48f1d31 elementor-widget elementor-widget-text-editor\" data-id=\"48f1d31\" data-element_type=\"widget\" data-e-type=\"widget\" data-widget_type=\"text-editor.default\">\n\t\t\t\t\t\t\t\t\t<ul><li><a href=\"https:\/\/africalia.be\/wp-content\/uploads\/2025\/07\/SEN_rappfin_2017-2021_exsum.pdf\">Final evaluation 2017-2021<\/a><\/li><\/ul>\t\t\t\t\t\t\t\t<\/div>\n\t\t\t\t<div data-dce-title-color=\"#FFFFFF\" class=\"elementor-element elementor-element-c143312 elementor-widget elementor-widget-heading\" data-id=\"c143312\" data-element_type=\"widget\" data-e-type=\"widget\" data-widget_type=\"heading.default\">\n\t\t\t\t\t<h2 class=\"elementor-heading-title elementor-size-default\">Zimbabwe<\/h2>\t\t\t\t<\/div>\n\t\t\t\t<div class=\"elementor-element elementor-element-18f9eab elementor-widget elementor-widget-text-editor\" data-id=\"18f9eab\" data-element_type=\"widget\" data-e-type=\"widget\" data-widget_type=\"text-editor.default\">\n\t\t\t\t\t\t\t\t\t<ul><li><a href=\"https:\/\/africalia.be\/wp-content\/uploads\/2025\/07\/ZIM_rappmiparcours_2017-2021_exsum.pdf\">Mid-term evaluation 2017-2021<\/a><\/li><li><a href=\"https:\/\/africalia.be\/wp-content\/uploads\/2025\/07\/ZIM_rappfin_2017-2021_exsum.pdf\">Final evaluation 2017-2021<\/a><\/li><li><a href=\"https:\/\/africalia.be\/wp-content\/uploads\/2025\/07\/ZIM_repman_2017-2021.pdf\">Managerial response 2017-2021<\/a><\/li><\/ul>\t\t\t\t\t\t\t\t<\/div>\n\t\t\t\t\t<\/div>\n\t\t\t\t<\/div>\n\t\t\t\t<\/div>","protected":false},"excerpt":{"rendered":"<p>Rapports d&rsquo;\u00e9valuation \u00c0 Africalia, nous nous engageons \u00e0 assurer le suivi et l&rsquo;am\u00e9lioration continus de nos programmes et de notre gestion. \u00c0 cette fin, nous proc\u00e9dons \u00e0 des \u00e9valuations tant pendant qu&rsquo;apr\u00e8s la fin de nos programmes pluriannuels. Pour chaque pays o\u00f9 nous intervenons, vous pouvez trouver ci-dessous les r\u00e9sum\u00e9s ex\u00e9cutifs des \u00e9valuations \u00e0 mi-parcours [&hellip;]<\/p>\n","protected":false},"author":1,"featured_media":0,"parent":0,"menu_order":0,"comment_status":"closed","ping_status":"closed","template":"","meta":{"_acf_changed":false,"_seopress_robots_primary_cat":"","_seopress_titles_title":"","_seopress_titles_desc":"","_seopress_robots_index":"","footnotes":""},"class_list":["post-21283","page","type-page","status-publish","hentry"],"acf":[],"_links":{"self":[{"href":"https:\/\/africalia.be\/en\/wp-json\/wp\/v2\/pages\/21283","targetHints":{"allow":["GET"]}}],"collection":[{"href":"https:\/\/africalia.be\/en\/wp-json\/wp\/v2\/pages"}],"about":[{"href":"https:\/\/africalia.be\/en\/wp-json\/wp\/v2\/types\/page"}],"author":[{"embeddable":true,"href":"https:\/\/africalia.be\/en\/wp-json\/wp\/v2\/users\/1"}],"replies":[{"embeddable":true,"href":"https:\/\/africalia.be\/en\/wp-json\/wp\/v2\/comments?post=21283"}],"version-history":[{"count":0,"href":"https:\/\/africalia.be\/en\/wp-json\/wp\/v2\/pages\/21283\/revisions"}],"wp:attachment":[{"href":"https:\/\/africalia.be\/en\/wp-json\/wp\/v2\/media?parent=21283"}],"curies":[{"name":"wp","href":"https:\/\/api.w.org\/{rel}","templated":true}]}}