{"id":17792,"date":"2024-05-22T08:50:16","date_gmt":"2024-05-22T06:50:16","guid":{"rendered":"https:\/\/africalia.be\/?page_id=17792"},"modified":"2025-01-03T13:04:51","modified_gmt":"2025-01-03T12:04:51","slug":"culture-development","status":"publish","type":"page","link":"https:\/\/africalia.be\/en\/culture-developpement\/","title":{"rendered":"Culture &amp; Development"},"content":{"rendered":"\t\t<div data-elementor-type=\"wp-page\" data-elementor-id=\"17792\" class=\"elementor elementor-17792\" data-elementor-post-type=\"page\">\n\t\t\t\t<div data-dce-background-image-url=\"https:\/\/africalia.be\/wp-content\/uploads\/2024\/05\/310377694_529669682495435_310766555774804042_n.jpeg\" class=\"elementor-element elementor-element-981ec3a e-con-full e-flex e-con e-parent\" data-id=\"981ec3a\" data-element_type=\"container\" data-e-type=\"container\" data-settings=\"{&quot;background_motion_fx_motion_fx_scrolling&quot;:&quot;yes&quot;,&quot;background_background&quot;:&quot;classic&quot;,&quot;background_motion_fx_devices&quot;:[&quot;desktop&quot;,&quot;laptop&quot;,&quot;tablet&quot;,&quot;mobile&quot;]}\">\n\t\t\t\t<div data-dce-title-color=\"#FACA1A\" class=\"elementor-element elementor-element-b7302f6 elementor-widget elementor-widget-heading\" data-id=\"b7302f6\" data-element_type=\"widget\" data-e-type=\"widget\" data-widget_type=\"heading.default\">\n\t\t\t\t\t<h2 class=\"elementor-heading-title elementor-size-default\">Culture &amp; D\u00e9veloppement<\/h2>\t\t\t\t<\/div>\n\t\t\t\t<\/div>\n\t\t<div class=\"elementor-element elementor-element-9bd177c e-flex e-con-boxed e-con e-parent\" data-id=\"9bd177c\" data-element_type=\"container\" data-e-type=\"container\" data-settings=\"{&quot;background_background&quot;:&quot;classic&quot;}\">\n\t\t\t\t\t<div class=\"e-con-inner\">\n\t\t\t\t<div class=\"elementor-element elementor-element-8a1914e elementor-widget elementor-widget-spacer\" data-id=\"8a1914e\" data-element_type=\"widget\" data-e-type=\"widget\" data-widget_type=\"spacer.default\">\n\t\t\t\t\t\t\t<div class=\"elementor-spacer\">\n\t\t\t<div class=\"elementor-spacer-inner\"><\/div>\n\t\t<\/div>\n\t\t\t\t\t\t<\/div>\n\t\t\t\t\t<\/div>\n\t\t\t\t<\/div>\n\t\t<div class=\"elementor-element elementor-element-304f717 e-flex e-con-boxed e-con e-parent\" data-id=\"304f717\" data-element_type=\"container\" data-e-type=\"container\" data-settings=\"{&quot;background_background&quot;:&quot;classic&quot;}\">\n\t\t\t\t\t<div class=\"e-con-inner\">\n\t\t<div class=\"elementor-element elementor-element-4ad2217 e-con-full e-flex e-con e-child\" data-id=\"4ad2217\" data-element_type=\"container\" data-e-type=\"container\">\n\t\t\t\t<div class=\"elementor-element elementor-element-fae80a8 elementor-widget elementor-widget-text-editor\" data-id=\"fae80a8\" data-element_type=\"widget\" data-e-type=\"widget\" data-widget_type=\"text-editor.default\">\n\t\t\t\t\t\t\t\t\t<div class=\"elementor-element elementor-element-662da3d9 elementor-widget elementor-widget-text-editor\" data-id=\"662da3d9\" data-element_type=\"widget\" data-widget_type=\"text-editor.default\"><div class=\"elementor-widget-container\"><p>L\u2019action d\u2019Africalia en tant qu\u2019acteur de d\u00e9veloppement s\u2019inscrit dans l\u2019esprit de plusieurs initiatives internationales et se base sur des textes de r\u00e9f\u00e9rence, notamment :<\/p><\/div><\/div><div class=\"elementor-element elementor-element-f367a0d elementor-icon-list--layout-traditional elementor-list-item-link-full_width elementor-widget elementor-widget-icon-list\" data-id=\"f367a0d\" data-element_type=\"widget\" data-widget_type=\"icon-list.default\"><div class=\"elementor-widget-container\"><p><i class=\"fas fa-square-full\" aria-hidden=\"true\"><\/i><span class=\"elementor-icon-list-text\">\u00a0<a href=\"https:\/\/www.un.org\/sustainabledevelopment\/fr\/\" target=\"_blank\" rel=\"noopener noreferrer nofollow\">Les Objectifs de d\u00e9veloppement durable (ODD)<\/a><\/span><\/p><p><span class=\"elementor-icon-list-text\">La <strong>cible 4.7<\/strong> souligne le r\u00f4le de la diversit\u00e9 culturelle dans l&rsquo;\u00e9ducation et identifie la contribution de la culture au d\u00e9veloppement durable.<\/span><\/p><p><span class=\"elementor-icon-list-text\">La <strong>cible 8.3<\/strong> reconna\u00eet l\u2019importance de formuler des politiques de d\u00e9veloppement \u00e9conomique incluant des activit\u00e9s ax\u00e9es sur la cr\u00e9ativit\u00e9 et l&rsquo;innovation.<\/span><\/p><p><span class=\"elementor-icon-list-text\">La <strong>cible 11.4<\/strong> reconna\u00eet l\u2019importance de sauvegarder les atouts culturels et les ressources naturelles dans les politiques environnementales et de d\u00e9veloppement urbain.<\/span><\/p><p><span class=\"elementor-icon-list-text\">La <strong>cible 12b<\/strong> plaide pour des sch\u00e9mas de production et de consommation durables qui prennent en compte la culture locale.<\/span><\/p><p><i class=\"fas fa-square-full\" aria-hidden=\"true\"><\/i><span class=\"elementor-icon-list-text\">\u00a0<a href=\"https:\/\/www.oecd.org\/fr\/publications\/declaration-de-paris-sur-l-efficacite-de-l-aide-au-developpement_9789264098091-fr.html\" target=\"_blank\" rel=\"noopener noreferrer nofollow\">D\u00e9claration de Paris sur l\u2019efficacit\u00e9 de l\u2019aide au d\u00e9veloppement<\/a><\/span><\/p><p><i class=\"fas fa-square-full\" aria-hidden=\"true\"><\/i><span class=\"elementor-icon-list-text\">\u00a0<a href=\"https:\/\/www.unesco.org\/creativity\/fr\/2005-convention\" target=\"_blank\" rel=\"noopener noreferrer nofollow\">Convention de l\u2019Unesco sur la diversit\u00e9 des expressions culturelles<\/a><\/span><\/p><p><i class=\"fas fa-square-full\" aria-hidden=\"true\"><\/i><span class=\"elementor-icon-list-text\">\u00a0<a href=\"https:\/\/commission.europa.eu\/aid-development-cooperation-fundamental-rights_fr\" target=\"_blank\" rel=\"noopener noreferrer nofollow\">Charte europ\u00e9enne d\u2019aide au d\u00e9veloppement<\/a><\/span><\/p><\/div><\/div>\t\t\t\t\t\t\t\t<\/div>\n\t\t\t\t<\/div>\n\t\t<div class=\"elementor-element elementor-element-827d9ff e-con-full e-flex e-con e-child\" data-id=\"827d9ff\" data-element_type=\"container\" data-e-type=\"container\">\n\t\t\t\t<div class=\"elementor-element elementor-element-506a381 elementor-widget elementor-widget-image\" data-id=\"506a381\" data-element_type=\"widget\" data-e-type=\"widget\" data-widget_type=\"image.default\">\n\t\t\t\t\t\t\t\t\t\t\t\t\t\t\t<img fetchpriority=\"high\" decoding=\"async\" width=\"800\" height=\"533\" src=\"https:\/\/africalia.be\/wp-content\/uploads\/2020\/12\/zi8a7510-jpg.webp\" class=\"attachment-large size-large wp-image-14485\" alt=\"zi8a7510.jpg\" srcset=\"https:\/\/africalia.be\/wp-content\/uploads\/2020\/12\/zi8a7510-jpg.webp 946w, https:\/\/africalia.be\/wp-content\/uploads\/2020\/12\/zi8a7510-300x200.webp 300w, https:\/\/africalia.be\/wp-content\/uploads\/2020\/12\/zi8a7510-768x511.webp 768w\" sizes=\"(max-width: 800px) 100vw, 800px\" \/>\t\t\t\t\t\t\t\t\t\t\t\t\t\t\t<\/div>\n\t\t\t\t<\/div>\n\t\t\t\t\t<\/div>\n\t\t\t\t<\/div>\n\t\t<div class=\"elementor-element elementor-element-7b06ca3 e-flex e-con-boxed e-con e-parent\" data-id=\"7b06ca3\" data-element_type=\"container\" data-e-type=\"container\" data-settings=\"{&quot;background_background&quot;:&quot;classic&quot;}\">\n\t\t\t\t\t<div class=\"e-con-inner\">\n\t\t\t\t<div class=\"elementor-element elementor-element-4a1813f elementor-widget elementor-widget-spacer\" data-id=\"4a1813f\" data-element_type=\"widget\" data-e-type=\"widget\" data-widget_type=\"spacer.default\">\n\t\t\t\t\t\t\t<div class=\"elementor-spacer\">\n\t\t\t<div class=\"elementor-spacer-inner\"><\/div>\n\t\t<\/div>\n\t\t\t\t\t\t<\/div>\n\t\t\t\t\t<\/div>\n\t\t\t\t<\/div>\n\t\t\t\t<\/div>\n\t\t","protected":false},"excerpt":{"rendered":"<p>Culture &amp; D\u00e9veloppement L\u2019action d\u2019Africalia en tant qu\u2019acteur de d\u00e9veloppement s\u2019inscrit dans l\u2019esprit de plusieurs initiatives internationales et se base sur des textes de r\u00e9f\u00e9rence, notamment : \u00a0Les Objectifs de d\u00e9veloppement durable (ODD) La cible 4.7 souligne le r\u00f4le de la diversit\u00e9 culturelle dans l&rsquo;\u00e9ducation et identifie la contribution de la culture au d\u00e9veloppement durable. [&hellip;]<\/p>\n","protected":false},"author":11,"featured_media":0,"parent":0,"menu_order":5,"comment_status":"closed","ping_status":"closed","template":"elementor_header_footer","meta":{"_acf_changed":false,"_seopress_robots_primary_cat":"","_seopress_titles_title":"","_seopress_titles_desc":"","_seopress_robots_index":"","footnotes":""},"class_list":["post-17792","page","type-page","status-publish","hentry"],"acf":[],"_links":{"self":[{"href":"https:\/\/africalia.be\/en\/wp-json\/wp\/v2\/pages\/17792","targetHints":{"allow":["GET"]}}],"collection":[{"href":"https:\/\/africalia.be\/en\/wp-json\/wp\/v2\/pages"}],"about":[{"href":"https:\/\/africalia.be\/en\/wp-json\/wp\/v2\/types\/page"}],"author":[{"embeddable":true,"href":"https:\/\/africalia.be\/en\/wp-json\/wp\/v2\/users\/11"}],"replies":[{"embeddable":true,"href":"https:\/\/africalia.be\/en\/wp-json\/wp\/v2\/comments?post=17792"}],"version-history":[{"count":0,"href":"https:\/\/africalia.be\/en\/wp-json\/wp\/v2\/pages\/17792\/revisions"}],"wp:attachment":[{"href":"https:\/\/africalia.be\/en\/wp-json\/wp\/v2\/media?parent=17792"}],"curies":[{"name":"wp","href":"https:\/\/api.w.org\/{rel}","templated":true}]}}