{"id":14580,"date":"2023-12-10T11:27:13","date_gmt":"2023-12-10T10:27:13","guid":{"rendered":"https:\/\/africalia.be\/machini\/"},"modified":"2024-02-21T16:49:26","modified_gmt":"2024-02-21T15:49:26","slug":"machini","status":"publish","type":"product","link":"http:\/\/africalia.be\/nl\/produit\/machini\/","title":{"rendered":"Machini"},"content":{"rendered":"<figure class=\"wp-block-image alignleft is-resized\"><img fetchpriority=\"high\" decoding=\"async\" width=\"732\" height=\"1000\" src=\"https:\/\/africalia.be\/wp-content\/uploads\/2022\/03\/machini-cover-bandeau-sd-jpg.webp\" alt=\"machini-deksel-bandau-sd.jpg\" class=\"wp-image-14579\" style=\"width:300px\" srcset=\"https:\/\/africalia.be\/wp-content\/uploads\/2022\/03\/machini-cover-bandeau-sd-jpg.webp 732w, https:\/\/africalia.be\/wp-content\/uploads\/2022\/03\/machini-cover-bandeau-sd-220x300.webp 220w\" sizes=\"(max-width: 732px) 100vw, 732px\" \/><\/figure>\n\n\n\n<p>In Lubumbashi wordt het dagelijks leven van de inwoners op zijn kop gezet door een voorspelde milieuramp. Machini (2019), een korte animatiefilm, maakt op meesterlijke wijze gebruik van de stopmotiontechniek en ruwe materialen zoals kiezels, krijt en roestige voorwerpen om vervuiling en de exploitatie van menselijke en natuurlijke hulpbronnen aan de kaak te stellen. De Democratische Republiek Congo, met 's werelds grootste voorraden lithium en kobalt, vormt het decor voor een kritische reis die de fatale verbanden van de wereldeconomie blootlegt.<\/p>\n\n\n\n<p>Franck Mukunday en T\u00e9tshim werkten vier jaar samen aan deze korte film over de milieu- en gezondheidsschade die de mijnbouw in hun land veroorzaakt. De familie van T\u00e9tshim woont in een wijk vol zuur, terwijl Franck Mukunday opgroeide in de buurt van de afvalstortplaatsen van G\u00e9camines, het bedrijf dat de mijnen al sinds de koloniale tijd beheert.<\/p>\n\n\n\n<h2 class=\"wp-block-heading\">PRESENTATIE VAN DE AUTEURS<\/h2>\n\n\n\n<p><strong>Franck Mukunday<\/strong> is geboren in 1983 in Lubumbashi, waar hij woont en werkt. Na zijn communicatieopleiding aan het Institut sup\u00e9rieur interdioc\u00e9sain Monseigneur Mulolwa, richtte hij zich op animatie. In 2007 werkte hij samen met T\u00e9tshim, Angelo Nzeka en Tr\u00e9sor Makonga, met wie hij de korte film 2D Mamiwata maakte. In 2010 richtte hij samen met T\u00e9tshim de studio Crayon du cuivre op in Lubumbashi.<\/p>\n\n\n\n<p><strong>Tezhim <\/strong> werd in 1980 geboren in Kinshasa en groeide op in Lubumbashi, waar hij woont en werkt als striptekenaar en perstekenaar en als illustrator. Na zijn studie Latijn en Filosofie in de Geesteswetenschappen en Informatie- en Communicatiewetenschappen aan de Universiteit van Lubumbashi, begon hij in 1998 zijn carri\u00e8re als illustrator, striptekenaar en striptekenaar.<\/p>\n\n\n\n<h2 class=\"wp-block-heading\">KOOP DE STRIPS<\/h2>\n\n\n\n<p>Prijs : <strong>20\u20ac<\/strong><br>Om de strip te kopen: <a href=\"\/nl\/africalia@africalia.be\/\">africalia@africalia.be<\/a><\/p>\n\n\n\n<h2 class=\"wp-block-heading\">TECHNISCHE GEGEVENS<\/h2>\n\n\n\n<p>De editie is beschikbaar in drie talen (Frans, Nederlands en Engels)<br>Uitgever: vzw Africalia in samenwerking met <a href=\"http:\/\/twentyninestudio.net\/films\" target=\"_blank\" rel=\"noopener noreferrer nofollow\"><strong>Negenentwintig studio &amp; productie<\/strong><\/a>, <strong><a href=\"https:\/\/5c.be\/\" target=\"_blank\" rel=\"noopener noreferrer nofollow\">De 5e laag<\/a><\/strong> | 5c<br>Wettelijk depot: d-20229500-3<br>ISBN : 978-2-39008-056-5<\/p>\n\n\n\n<p>-Comisch formaat<\/p>\n\n\n\n<ul class=\"wp-block-list\">\n<li>Harde kaft<\/li>\n\n\n\n<li>Afdrukken in kleur<\/li>\n\n\n\n<li>Aantal pagina's: 70<\/li>\n<\/ul>\n\n\n\n<figure class=\"wp-block-gallery has-nested-images columns-3 is-cropped wp-block-gallery-1 is-layout-flex wp-block-gallery-is-layout-flex\"><\/figure>\n\n\n\n<p><\/p>\n\n\n\n<p><\/p>","protected":false},"excerpt":{"rendered":"<p>De strip Machini is ge\u00efnspireerd door <a href=\"https:\/\/graphoui.org\/machini\/\">animatiefilm<\/a> met dezelfde naam en bevat het werk van twee Congolese striptekenaars: <strong>Frank Mukunday <\/strong> en <strong>Tr\u00e9sor Tshibangu Tshamala<\/strong>, zei hij <strong>Tezhim<\/strong>. Ze wonen beiden in Lubumbashi, een stad aan de voet van de mijnbouwindustrie. Hun talenten werden gecombineerd om het leven van de inwoners van deze stad te illustreren.<\/p>","protected":false},"featured_media":15887,"comment_status":"closed","ping_status":"closed","template":"","meta":{"_acf_changed":false,"_seopress_robots_primary_cat":"","_seopress_titles_title":"","_seopress_titles_desc":"","_seopress_robots_index":""},"product_brand":[],"product_cat":[1040],"product_tag":[],"class_list":{"0":"post-14580","1":"product","2":"type-product","3":"status-publish","4":"has-post-thumbnail","6":"product_cat-autres-publications","8":"first","9":"instock","10":"shipping-taxable","11":"purchasable","12":"product-type-simple"},"acf":[],"_links":{"self":[{"href":"http:\/\/africalia.be\/nl\/wp-json\/wp\/v2\/product\/14580","targetHints":{"allow":["GET"]}}],"collection":[{"href":"http:\/\/africalia.be\/nl\/wp-json\/wp\/v2\/product"}],"about":[{"href":"http:\/\/africalia.be\/nl\/wp-json\/wp\/v2\/types\/product"}],"replies":[{"embeddable":true,"href":"http:\/\/africalia.be\/nl\/wp-json\/wp\/v2\/comments?post=14580"}],"version-history":[{"count":0,"href":"http:\/\/africalia.be\/nl\/wp-json\/wp\/v2\/product\/14580\/revisions"}],"wp:featuredmedia":[{"embeddable":true,"href":"http:\/\/africalia.be\/nl\/wp-json\/wp\/v2\/media\/15887"}],"wp:attachment":[{"href":"http:\/\/africalia.be\/nl\/wp-json\/wp\/v2\/media?parent=14580"}],"wp:term":[{"taxonomy":"product_brand","embeddable":true,"href":"http:\/\/africalia.be\/nl\/wp-json\/wp\/v2\/product_brand?post=14580"},{"taxonomy":"product_cat","embeddable":true,"href":"http:\/\/africalia.be\/nl\/wp-json\/wp\/v2\/product_cat?post=14580"},{"taxonomy":"product_tag","embeddable":true,"href":"http:\/\/africalia.be\/nl\/wp-json\/wp\/v2\/product_tag?post=14580"}],"curies":[{"name":"wp","href":"https:\/\/api.w.org\/{rel}","templated":true}]}}