{"id":13250,"date":"2023-12-03T16:31:24","date_gmt":"2023-12-03T15:31:24","guid":{"rendered":"https:\/\/africalia.be\/comprendre-et-pratiquer-la-sonorisation-de-spectacle\/"},"modified":"2023-12-13T23:34:07","modified_gmt":"2023-12-13T22:34:07","slug":"live-geluid-begrijpen-en-gebruiken","status":"publish","type":"product","link":"http:\/\/africalia.be\/nl\/produit\/comprendre-et-pratiquer-la-sonorisation-de-spectacle\/","title":{"rendered":"Inzicht in en gebruik van live geluid II"},"content":{"rendered":"<figure class=\"wp-block-image alignleft is-resized wp-image-13249\"><img fetchpriority=\"high\" decoding=\"async\" width=\"1813\" height=\"2560\" src=\"https:\/\/africalia.be\/wp-content\/uploads\/2014\/04\/sonorisation_de_spectacle_ii-scaled.webp\" alt=\"begrip_en_praktijk_performance_auditing_2\" class=\"wp-image-13249\" style=\"width:300px\" srcset=\"https:\/\/africalia.be\/wp-content\/uploads\/2014\/04\/sonorisation_de_spectacle_ii-scaled.webp 1813w, https:\/\/africalia.be\/wp-content\/uploads\/2014\/04\/sonorisation_de_spectacle_ii-scaled-212x300.webp 212w, https:\/\/africalia.be\/wp-content\/uploads\/2014\/04\/sonorisation_de_spectacle_ii-scaled-725x1024.webp 725w, https:\/\/africalia.be\/wp-content\/uploads\/2014\/04\/sonorisation_de_spectacle_ii-scaled-768x1084.webp 768w, https:\/\/africalia.be\/wp-content\/uploads\/2014\/04\/sonorisation_de_spectacle_ii-scaled-1088x1536.webp 1088w, https:\/\/africalia.be\/wp-content\/uploads\/2014\/04\/sonorisation_de_spectacle_ii-scaled-1450x2048.webp 1450w, https:\/\/africalia.be\/wp-content\/uploads\/2014\/04\/sonorisation_de_spectacle_ii-scaled-8x12.webp 8w\" sizes=\"(max-width: 1813px) 100vw, 1813px\" \/><figcaption class=\"wp-element-caption\">begrip_en_praktijk_performance_auditing_2<\/figcaption><\/figure>\n\n\n\n<h4 class=\"wp-block-heading\">Door Saintrick Mayitoukou<\/h4>\n\n\n\n<h4 class=\"wp-block-heading\">Uitgaven Africalia &amp; Zhu Cultuur<\/h4>\n\n\n\n<hr class=\"wp-block-separator has-alpha-channel-opacity\" \/>\n\n\n\n<p>\"<em>Het schrijven van een handleiding over geluidstechniek is geen geringe prestatie en velen hebben het geprobeerd. Het vinden van een stijl die zowel begrijpelijk als universeel is, en van een hoge technische kwaliteit, is een tour de force die Saintrick Mayitoukou heeft bereikt met zijn boek<\/em>. \"<\/p>\n\n\n\n<p>Comprendre et pratiquer la sonorisation de spectacle is een educatief, praktisch en technisch boek van 264 pagina's, rijk ge\u00efllustreerd, dat geluidstechnici en -technici, amateurs en studenten in de sector, maar ook musici op heldere wijze alles uitlegt over microfoons, kabels, mengpanelen, signaalverwerking, luidsprekers en luidsprekers, tot aan de innovatieve technologie van de Line Array.<br>De zorgvuldige presentatie van de gegevens maakt het gemakkelijk en plezierig om te lezen. Een verklarende woordenlijst en andere bijlagen maken de uitgave compleet.<\/p>\n\n\n\n<p><strong>De auteur<\/strong><\/p>\n\n\n\n<p>Saintrick Mayitoukou is muzikant, geluidstechnicus en trainer met 20 jaar ervaring in het werken met enkele van de grootste namen in de showbusiness. Hij heeft talloze trainingen gevolgd, onder andere bij Marc Berthoumieux, Mark Malherbes en Jean-Marc Pinault.<br>Het geluidssysteem van de show profiteerde van de expertise van ervaren Belgische professionals: Jean Luc Ongena, Philippe Dineur en Mirko Popovitch.<\/p>\n\n\n\n<p><strong>De mede-uitgevers<\/strong><\/p>\n\n\n\n<p>De vzw Africalia (Brussel) werd opgericht op initiatief van het Belgisch Staatssecretariaat voor Samenwerking en Ontwikkeling. Het zet zich in voor duurzame menselijke ontwikkeling door hedendaagse Afrikaanse artistieke en culturele creaties te ondersteunen.<\/p>\n\n\n\n<p>Zhu Culture (Dakar) is een artistiek en cultureel agentschap waarvan de activiteiten vari\u00ebren van de productie van platen tot de distributie van voorstellingen, opleiding, culturele expertise en het beheer van evenementen. Het stelt zijn expertise ter beschikking in verschillende landen en helpt zo de betrokken spelers te professionaliseren en een echte economie voor Afrikaanse cultuur te cre\u00ebren.<\/p>\n\n\n\n<p><strong>Het boek kopen<\/strong><\/p>\n\n\n\n<p>Prijs: \u20ac21.00<\/p>\n\n\n\n<p><strong>Technische gegevens<\/strong><\/p>\n\n\n\n<p>Taal : Frans<br>Formaat: 170 x 240 mm<br>Aantal pagina's: 264<br>Vierkleurendruk<br>Meer dan 100 illustraties<br>ISBN: 978-29-6015-672-0<\/p>","protected":false},"excerpt":{"rendered":"<p>Par Saintrick Mayitoukou Editions Africalia &amp; Zhu Culture \u00abEcrire un manuel sur la sonorisation n\u2019est pas une mince affaire, bon nombre s\u2019y sont risqu\u00e9 et trouver une \u00e9criture \u00e0 la fois compr\u00e9hensible, universelle et de qualit\u00e9 technique constitue un tour de force que Saintrick Mayitoukou r\u00e9alise avec son ouvrage. \u00bb Comprendre et pratiquer la sonorisation [&hellip;]<\/p>\n","protected":false},"featured_media":13248,"comment_status":"closed","ping_status":"closed","template":"","meta":{"_acf_changed":false,"_seopress_robots_primary_cat":"","_seopress_titles_title":"","_seopress_titles_desc":"","_seopress_robots_index":""},"product_brand":[],"product_cat":[1040],"product_tag":[],"class_list":{"0":"post-13250","1":"product","2":"type-product","3":"status-publish","4":"has-post-thumbnail","6":"product_cat-autres-publications","8":"first","9":"instock","10":"shipping-taxable","11":"purchasable","12":"product-type-simple"},"acf":[],"_links":{"self":[{"href":"http:\/\/africalia.be\/nl\/wp-json\/wp\/v2\/product\/13250","targetHints":{"allow":["GET"]}}],"collection":[{"href":"http:\/\/africalia.be\/nl\/wp-json\/wp\/v2\/product"}],"about":[{"href":"http:\/\/africalia.be\/nl\/wp-json\/wp\/v2\/types\/product"}],"replies":[{"embeddable":true,"href":"http:\/\/africalia.be\/nl\/wp-json\/wp\/v2\/comments?post=13250"}],"version-history":[{"count":0,"href":"http:\/\/africalia.be\/nl\/wp-json\/wp\/v2\/product\/13250\/revisions"}],"wp:featuredmedia":[{"embeddable":true,"href":"http:\/\/africalia.be\/nl\/wp-json\/wp\/v2\/media\/13248"}],"wp:attachment":[{"href":"http:\/\/africalia.be\/nl\/wp-json\/wp\/v2\/media?parent=13250"}],"wp:term":[{"taxonomy":"product_brand","embeddable":true,"href":"http:\/\/africalia.be\/nl\/wp-json\/wp\/v2\/product_brand?post=13250"},{"taxonomy":"product_cat","embeddable":true,"href":"http:\/\/africalia.be\/nl\/wp-json\/wp\/v2\/product_cat?post=13250"},{"taxonomy":"product_tag","embeddable":true,"href":"http:\/\/africalia.be\/nl\/wp-json\/wp\/v2\/product_tag?post=13250"}],"curies":[{"name":"wp","href":"https:\/\/api.w.org\/{rel}","templated":true}]}}